{"id":9451,"date":"2023-03-10T13:20:07","date_gmt":"2023-03-10T13:20:07","guid":{"rendered":"https:\/\/aeiestudios.com\/?post_type=product&#038;p=9451"},"modified":"2023-03-17T09:07:52","modified_gmt":"2023-03-17T09:07:52","slug":"babyboo-tank-top","status":"publish","type":"product","link":"https:\/\/aeiestudios.com\/vi\/san-pham\/babyboo-tank-top\/","title":{"rendered":"BABYBOO TANK TOP"},"content":{"rendered":"<p>s\u1ea3n ph\u1ea9m \u0111\u01b0\u1ee3c thi\u1ebft k\u1ebf b\u1edbi aeie jr. v\u00e0 s\u1ea3n xu\u1ea5t t\u1ea1i vi\u1ec7t nam.<\/p>\n<p>mi\u00eau t\u1ea3: \u00e1o tank top m\u00e0u x\u00e1m mu\u1ed1i ti\u00eau in graphic, c\u1ed5 v\u00e0 n\u00e1ch \u00e1o vi\u1ec1n c\u00f9ng v\u1ea3i<br \/>\nch\u1ea5t li\u1ec7u: v\u1ea3i thun g\u00e2n<\/p>\n<p>b\u1ea3ng size c\u1ee7a s\u1ea3n ph\u1ea9m (theo cm):<br \/>\n&#8211; XS: ng\u1ef1c 76-80 \/ eo 56-60<br \/>\n&#8211; S: ng\u1ef1c 80-84 \/ eo 60-64<br \/>\n&#8211; M: ng\u1ef1c 84-88 \/ eo 64-68<br \/>\n&#8211; L: ng\u1ef1c 88-92 \/ eo 68-72<\/p>\n<p>*ng\u01b0\u1eddi m\u1eabu n\u1eef cao 163cm v\u00e0 m\u1eb7c size S.<br \/>\n*ng\u01b0\u1eddi m\u1eabu nam cao 168cm v\u00e0 m\u1eb7c size L.<\/p>\n","protected":false},"excerpt":{"rendered":"<p>s\u1ea3n ph\u1ea9m \u0111\u01b0\u1ee3c thi\u1ebft k\u1ebf b\u1edbi aeie jr. v\u00e0 s\u1ea3n xu\u1ea5t t\u1ea1i vi\u1ec7t nam. mi\u00eau t\u1ea3: \u00e1o tank top m\u00e0u x\u00e1m mu\u1ed1i ti\u00eau in graphic, c\u1ed5 v\u00e0 n\u00e1ch \u00e1o vi\u1ec1n c\u00f9ng v\u1ea3i ch\u1ea5t li\u1ec7u: v\u1ea3i thun g\u00e2n b\u1ea3ng size c\u1ee7a s\u1ea3n ph\u1ea9m (theo cm): &#8211; XS: ng\u1ef1c 76-80 \/ eo 56-60 &#8211; S: ng\u1ef1c 80-84 [&hellip;]<\/p>\n","protected":false},"featured_media":9563,"comment_status":"closed","ping_status":"closed","template":"","meta":{"advanced_seo_description":"","jetpack_seo_html_title":"","jetpack_seo_noindex":false},"product_cat":[543,351,415],"product_tag":[],"class_list":{"0":"post-9451","1":"product","2":"type-product","3":"status-publish","4":"has-post-thumbnail","6":"product_cat-junior-vi","7":"product_cat-aeie-junior-vi","8":"product_cat-jr-top-vi","10":"first","11":"outofstock","12":"shipping-taxable","13":"purchasable","14":"product-type-variable"},"acf":[],"jetpack_sharing_enabled":true,"_links":{"self":[{"href":"https:\/\/aeiestudios.com\/vi\/wp-json\/wp\/v2\/product\/9451","targetHints":{"allow":["GET"]}}],"collection":[{"href":"https:\/\/aeiestudios.com\/vi\/wp-json\/wp\/v2\/product"}],"about":[{"href":"https:\/\/aeiestudios.com\/vi\/wp-json\/wp\/v2\/types\/product"}],"replies":[{"embeddable":true,"href":"https:\/\/aeiestudios.com\/vi\/wp-json\/wp\/v2\/comments?post=9451"}],"wp:featuredmedia":[{"embeddable":true,"href":"https:\/\/aeiestudios.com\/vi\/wp-json\/wp\/v2\/media\/9563"}],"wp:attachment":[{"href":"https:\/\/aeiestudios.com\/vi\/wp-json\/wp\/v2\/media?parent=9451"}],"wp:term":[{"taxonomy":"product_cat","embeddable":true,"href":"https:\/\/aeiestudios.com\/vi\/wp-json\/wp\/v2\/product_cat?post=9451"},{"taxonomy":"product_tag","embeddable":true,"href":"https:\/\/aeiestudios.com\/vi\/wp-json\/wp\/v2\/product_tag?post=9451"}],"curies":[{"name":"wp","href":"https:\/\/api.w.org\/{rel}","templated":true}]}}