{"id":6556,"date":"2023-01-03T10:15:09","date_gmt":"2023-01-03T10:15:09","guid":{"rendered":"https:\/\/aeiestudios.com\/?post_type=product&#038;p=6556"},"modified":"2026-03-31T16:36:23","modified_gmt":"2026-03-31T16:36:23","slug":"midnight-set","status":"publish","type":"product","link":"https:\/\/aeiestudios.com\/vi\/san-pham\/midnight-set\/","title":{"rendered":"MIDNIGHT SET"},"content":{"rendered":"<p>S\u1ea3n ph\u1ea9m \u0111\u01b0\u1ee3c thi\u1ebft k\u1ebf b\u1edbi aeie studios v\u00e0 s\u1ea3n xu\u1ea5t t\u1ea1i Vi\u1ec7t Nam.<\/p>\n<p>Mi\u00eau t\u1ea3: Set \u0111\u1ed3 co gi\u00e3n, tay \u00e1o c\u00f3 th\u1ec3 th\u00e1o r\u1eddi<br \/>\nCh\u1ea5t li\u1ec7u: Latex<\/p>\n<p>B\u1ea3ng size c\u1ee7a s\u1ea3n ph\u1ea9m (theo cm):<br \/>\n&#8211; S: ng\u1ef1c 78-84 \/ eo d\u01b0\u1edbi 74-78 \/ m\u00f4ng 88-92 \/ d\u00e0i 110<br \/>\n&#8211; M: ng\u1ef1c 84-88 \/ eo d\u01b0\u1edbi 78-82 \/ m\u00f4ng 92-96 \/ d\u00e0i 111<br \/>\n&#8211; L: ng\u1ef1c 88-92 \/ eo d\u01b0\u1edbi 82-86 \/ m\u00f4ng 96-100 \/ d\u00e0i 112<\/p>\n<p>*Ng\u01b0\u1eddi m\u1eabu cao 170cm v\u00e0 m\u1eb7c size S.<\/p>\n","protected":false},"excerpt":{"rendered":"<p>S\u1ea3n ph\u1ea9m \u0111\u01b0\u1ee3c thi\u1ebft k\u1ebf b\u1edbi aeie studios v\u00e0 s\u1ea3n xu\u1ea5t t\u1ea1i Vi\u1ec7t Nam. Mi\u00eau t\u1ea3: Set \u0111\u1ed3 co gi\u00e3n, tay \u00e1o c\u00f3 th\u1ec3 th\u00e1o r\u1eddi Ch\u1ea5t li\u1ec7u: Latex B\u1ea3ng size c\u1ee7a s\u1ea3n ph\u1ea9m (theo cm): &#8211; S: ng\u1ef1c 78-84 \/ eo d\u01b0\u1edbi 74-78 \/ m\u00f4ng 88-92 \/ d\u00e0i 110 &#8211; M: ng\u1ef1c 84-88 \/ [&hellip;]<\/p>\n","protected":false},"featured_media":7684,"comment_status":"closed","ping_status":"closed","template":"","meta":{"advanced_seo_description":"","jetpack_seo_html_title":"","jetpack_seo_noindex":false},"product_cat":[352,343],"product_tag":[],"class_list":{"0":"post-6556","1":"product","2":"type-product","3":"status-publish","4":"has-post-thumbnail","6":"product_cat-aeie-studios-vi","7":"product_cat-set-vi","9":"first","10":"outofstock","11":"shipping-taxable","12":"purchasable","13":"product-type-variable"},"acf":[],"jetpack_sharing_enabled":true,"_links":{"self":[{"href":"https:\/\/aeiestudios.com\/vi\/wp-json\/wp\/v2\/product\/6556","targetHints":{"allow":["GET"]}}],"collection":[{"href":"https:\/\/aeiestudios.com\/vi\/wp-json\/wp\/v2\/product"}],"about":[{"href":"https:\/\/aeiestudios.com\/vi\/wp-json\/wp\/v2\/types\/product"}],"replies":[{"embeddable":true,"href":"https:\/\/aeiestudios.com\/vi\/wp-json\/wp\/v2\/comments?post=6556"}],"wp:featuredmedia":[{"embeddable":true,"href":"https:\/\/aeiestudios.com\/vi\/wp-json\/wp\/v2\/media\/7684"}],"wp:attachment":[{"href":"https:\/\/aeiestudios.com\/vi\/wp-json\/wp\/v2\/media?parent=6556"}],"wp:term":[{"taxonomy":"product_cat","embeddable":true,"href":"https:\/\/aeiestudios.com\/vi\/wp-json\/wp\/v2\/product_cat?post=6556"},{"taxonomy":"product_tag","embeddable":true,"href":"https:\/\/aeiestudios.com\/vi\/wp-json\/wp\/v2\/product_tag?post=6556"}],"curies":[{"name":"wp","href":"https:\/\/api.w.org\/{rel}","templated":true}]}}