{"id":4815,"date":"2022-09-24T13:11:00","date_gmt":"2022-09-24T13:11:00","guid":{"rendered":"https:\/\/aeiestudios.com\/product\/medium-checkered-jenny-waves-bag\/"},"modified":"2023-02-21T18:27:42","modified_gmt":"2023-02-21T18:27:42","slug":"medium-checkered-jenny-waves-bag","status":"publish","type":"product","link":"https:\/\/aeiestudios.com\/vi\/san-pham\/medium-checkered-jenny-waves-bag\/","title":{"rendered":"MEDIUM CHECKERED JENNY WAVES BAG"},"content":{"rendered":"<p>s\u1ea3n ph\u1ea9m \u0111\u01b0\u1ee3c thi\u1ebft k\u1ebf b\u1edfi aeie jr. v\u00e0 \u0111\u01b0\u1ee3c s\u1ea3n xu\u1ea5t t\u1ea1i vi\u1ec7t nam.<\/p>\n<p>mi\u00eau t\u1ea3: t\u00fai g\u1ee3n s\u00f3ng ca-r\u00f4 xanh l\u00e1-tr\u1eafng<br \/>\nch\u1ea5t li\u1ec7u: da PU<\/p>\n<p>size: 23cm x 13cm x 4cm<\/p>\n","protected":false},"excerpt":{"rendered":"<p>s\u1ea3n ph\u1ea9m \u0111\u01b0\u1ee3c thi\u1ebft k\u1ebf b\u1edfi aeie jr. v\u00e0 \u0111\u01b0\u1ee3c s\u1ea3n xu\u1ea5t t\u1ea1i vi\u1ec7t nam. mi\u00eau t\u1ea3: t\u00fai g\u1ee3n s\u00f3ng ca-r\u00f4 xanh l\u00e1-tr\u1eafng ch\u1ea5t li\u1ec7u: da PU size: 23cm x 13cm x 4cm<\/p>\n","protected":false},"featured_media":4741,"comment_status":"closed","ping_status":"closed","template":"","meta":{"advanced_seo_description":"","jetpack_seo_html_title":"","jetpack_seo_noindex":false},"product_cat":[543,351,409],"product_tag":[],"class_list":{"0":"post-4815","1":"product","2":"type-product","3":"status-publish","4":"has-post-thumbnail","6":"product_cat-junior-vi","7":"product_cat-aeie-junior-vi","8":"product_cat-jr-accessories-vi","10":"first","11":"instock","12":"shipping-taxable","13":"purchasable","14":"product-type-variable"},"acf":[],"jetpack_sharing_enabled":true,"_links":{"self":[{"href":"https:\/\/aeiestudios.com\/vi\/wp-json\/wp\/v2\/product\/4815","targetHints":{"allow":["GET"]}}],"collection":[{"href":"https:\/\/aeiestudios.com\/vi\/wp-json\/wp\/v2\/product"}],"about":[{"href":"https:\/\/aeiestudios.com\/vi\/wp-json\/wp\/v2\/types\/product"}],"replies":[{"embeddable":true,"href":"https:\/\/aeiestudios.com\/vi\/wp-json\/wp\/v2\/comments?post=4815"}],"wp:featuredmedia":[{"embeddable":true,"href":"https:\/\/aeiestudios.com\/vi\/wp-json\/wp\/v2\/media\/4741"}],"wp:attachment":[{"href":"https:\/\/aeiestudios.com\/vi\/wp-json\/wp\/v2\/media?parent=4815"}],"wp:term":[{"taxonomy":"product_cat","embeddable":true,"href":"https:\/\/aeiestudios.com\/vi\/wp-json\/wp\/v2\/product_cat?post=4815"},{"taxonomy":"product_tag","embeddable":true,"href":"https:\/\/aeiestudios.com\/vi\/wp-json\/wp\/v2\/product_tag?post=4815"}],"curies":[{"name":"wp","href":"https:\/\/api.w.org\/{rel}","templated":true}]}}