{"id":2895,"date":"2022-08-01T14:33:30","date_gmt":"2022-08-01T14:33:30","guid":{"rendered":"https:\/\/aeiestudios.com\/product\/spade-top\/"},"modified":"2023-02-21T19:31:31","modified_gmt":"2023-02-21T19:31:31","slug":"spade-top","status":"publish","type":"product","link":"https:\/\/aeiestudios.com\/vi\/san-pham\/spade-top\/","title":{"rendered":"SPADE TOP"},"content":{"rendered":"<p>S\u1ea3n ph\u1ea9m \u0111\u01b0\u1ee3c thi\u1ebft k\u1ebf b\u1edbi aeie studios v\u00e0 s\u1ea3n xu\u1ea5t t\u1ea1i Vi\u1ec7t Nam.<\/p>\n<p>Mi\u00eau t\u1ea3: \u00c1o corset v\u1edbi chi ti\u1ebft kho\u00e9t ng\u1ef1c v\u00e0 d\u00e2y bu\u1ed9c, d\u00e2y k\u00e9o ph\u00eda sau<br \/>\nCh\u1ea5t li\u1ec7u: D\u00f9<\/p>\n<p>B\u1ea3ng size c\u1ee7a s\u1ea3n ph\u1ea9m (theo cm):<br \/>\n&#8211; S: ng\u1ef1c 78-82 \/ eo 58-62<br \/>\n&#8211; M: ng\u1ef1c 83-87 \/ eo 63-67<br \/>\n&#8211; L: ng\u1ef1c 88-91 \/ eo 68-72<\/p>\n<p>*Ng\u01b0\u1eddi m\u1eabu cao 170cm v\u00e0 m\u1eb7c size S.<\/p>\n","protected":false},"excerpt":{"rendered":"<p>S\u1ea3n ph\u1ea9m \u0111\u01b0\u1ee3c thi\u1ebft k\u1ebf b\u1edbi aeie studios v\u00e0 s\u1ea3n xu\u1ea5t t\u1ea1i Vi\u1ec7t Nam. Mi\u00eau t\u1ea3: \u00c1o corset v\u1edbi chi ti\u1ebft kho\u00e9t ng\u1ef1c v\u00e0 d\u00e2y bu\u1ed9c, d\u00e2y k\u00e9o ph\u00eda sau Ch\u1ea5t li\u1ec7u: D\u00f9 B\u1ea3ng size c\u1ee7a s\u1ea3n ph\u1ea9m (theo cm): &#8211; S: ng\u1ef1c 78-82 \/ eo 58-62 &#8211; M: ng\u1ef1c 83-87 \/ eo 63-67 &#8211; [&hellip;]<\/p>\n","protected":false},"featured_media":3092,"comment_status":"closed","ping_status":"closed","template":"","meta":{"advanced_seo_description":"","jetpack_seo_html_title":"","jetpack_seo_noindex":false},"product_cat":[351,352,334],"product_tag":[],"class_list":{"0":"post-2895","1":"product","2":"type-product","3":"status-publish","4":"has-post-thumbnail","6":"product_cat-aeie-junior-vi","7":"product_cat-aeie-studios-vi","8":"product_cat-top-vi","10":"first","11":"instock","12":"sale","13":"shipping-taxable","14":"purchasable","15":"product-type-variable"},"acf":[],"jetpack_sharing_enabled":true,"_links":{"self":[{"href":"https:\/\/aeiestudios.com\/vi\/wp-json\/wp\/v2\/product\/2895","targetHints":{"allow":["GET"]}}],"collection":[{"href":"https:\/\/aeiestudios.com\/vi\/wp-json\/wp\/v2\/product"}],"about":[{"href":"https:\/\/aeiestudios.com\/vi\/wp-json\/wp\/v2\/types\/product"}],"replies":[{"embeddable":true,"href":"https:\/\/aeiestudios.com\/vi\/wp-json\/wp\/v2\/comments?post=2895"}],"wp:featuredmedia":[{"embeddable":true,"href":"https:\/\/aeiestudios.com\/vi\/wp-json\/wp\/v2\/media\/3092"}],"wp:attachment":[{"href":"https:\/\/aeiestudios.com\/vi\/wp-json\/wp\/v2\/media?parent=2895"}],"wp:term":[{"taxonomy":"product_cat","embeddable":true,"href":"https:\/\/aeiestudios.com\/vi\/wp-json\/wp\/v2\/product_cat?post=2895"},{"taxonomy":"product_tag","embeddable":true,"href":"https:\/\/aeiestudios.com\/vi\/wp-json\/wp\/v2\/product_tag?post=2895"}],"curies":[{"name":"wp","href":"https:\/\/api.w.org\/{rel}","templated":true}]}}