{"id":2822,"date":"2022-06-17T11:39:46","date_gmt":"2022-06-17T11:39:46","guid":{"rendered":"https:\/\/aeiestudios.com\/product\/rosie-top\/"},"modified":"2023-02-21T18:47:03","modified_gmt":"2023-02-21T18:47:03","slug":"rosie-top","status":"publish","type":"product","link":"https:\/\/aeiestudios.com\/vi\/san-pham\/rosie-top\/","title":{"rendered":"ROSIE TOP"},"content":{"rendered":"<p>s\u1ea3n ph\u1ea9m \u0111\u01b0\u1ee3c thi\u1ebft k\u1ebf b\u1edfi aeie jr. v\u00e0 s\u1ea3n xu\u1ea5t t\u1ea1i vi\u1ec7t nam.<\/p>\n<p>mi\u00eau t\u1ea3: \u00e1o crop top \u0111\u00ednh \u0111\u00e1 h\u1ecda ti\u1ebft b\u00f4ng h\u1ed3ng b\u00e9 ngoan, kh\u00f4ng may lai \u00e1o<br \/>\nch\u1ea5t li\u1ec7u: thun n\u1ec9 m\u1ecfng<\/p>\n<p>b\u1ea3ng size c\u1ee7a s\u1ea3n ph\u1ea9m (theo cm):<br \/>\n&#8211; S: ng\u1ef1c 76-80 \/ eo free-size \/ d\u00e0i \u00e1o 34<br \/>\n&#8211; M: ng\u1ef1c 80-84 \/ eo free-size \/ d\u00e0i \u00e1o 35<br \/>\n&#8211; L: ng\u1ef1c 84-88 \/ eo free-size \/ d\u00e0i \u00e1o 36<\/p>\n<p>*ng\u01b0\u1eddi m\u1eabu cao 162cm v\u00e0 m\u1eb7c size S.<\/p>\n","protected":false},"excerpt":{"rendered":"<p>s\u1ea3n ph\u1ea9m \u0111\u01b0\u1ee3c thi\u1ebft k\u1ebf b\u1edfi aeie jr. v\u00e0 s\u1ea3n xu\u1ea5t t\u1ea1i vi\u1ec7t nam. mi\u00eau t\u1ea3: \u00e1o crop top \u0111\u00ednh \u0111\u00e1 h\u1ecda ti\u1ebft b\u00f4ng h\u1ed3ng b\u00e9 ngoan, kh\u00f4ng may lai \u00e1o ch\u1ea5t li\u1ec7u: thun n\u1ec9 m\u1ecfng b\u1ea3ng size c\u1ee7a s\u1ea3n ph\u1ea9m (theo cm): &#8211; S: ng\u1ef1c 76-80 \/ eo free-size \/ d\u00e0i \u00e1o 34 &#8211; [&hellip;]<\/p>\n","protected":false},"featured_media":2660,"comment_status":"closed","ping_status":"closed","template":"","meta":{"advanced_seo_description":"","jetpack_seo_html_title":"","jetpack_seo_noindex":false},"product_cat":[543,351,415],"product_tag":[],"class_list":{"0":"post-2822","1":"product","2":"type-product","3":"status-publish","4":"has-post-thumbnail","6":"product_cat-junior-vi","7":"product_cat-aeie-junior-vi","8":"product_cat-jr-top-vi","10":"first","11":"outofstock","12":"shipping-taxable","13":"purchasable","14":"product-type-variable"},"acf":[],"jetpack_sharing_enabled":true,"_links":{"self":[{"href":"https:\/\/aeiestudios.com\/vi\/wp-json\/wp\/v2\/product\/2822","targetHints":{"allow":["GET"]}}],"collection":[{"href":"https:\/\/aeiestudios.com\/vi\/wp-json\/wp\/v2\/product"}],"about":[{"href":"https:\/\/aeiestudios.com\/vi\/wp-json\/wp\/v2\/types\/product"}],"replies":[{"embeddable":true,"href":"https:\/\/aeiestudios.com\/vi\/wp-json\/wp\/v2\/comments?post=2822"}],"wp:featuredmedia":[{"embeddable":true,"href":"https:\/\/aeiestudios.com\/vi\/wp-json\/wp\/v2\/media\/2660"}],"wp:attachment":[{"href":"https:\/\/aeiestudios.com\/vi\/wp-json\/wp\/v2\/media?parent=2822"}],"wp:term":[{"taxonomy":"product_cat","embeddable":true,"href":"https:\/\/aeiestudios.com\/vi\/wp-json\/wp\/v2\/product_cat?post=2822"},{"taxonomy":"product_tag","embeddable":true,"href":"https:\/\/aeiestudios.com\/vi\/wp-json\/wp\/v2\/product_tag?post=2822"}],"curies":[{"name":"wp","href":"https:\/\/api.w.org\/{rel}","templated":true}]}}