{"id":17199,"date":"2026-03-31T16:32:40","date_gmt":"2026-03-31T16:32:40","guid":{"rendered":"https:\/\/aeiestudios.com\/product\/vulnerable-top\/"},"modified":"2026-03-31T16:32:40","modified_gmt":"2026-03-31T16:32:40","slug":"vulnerable-top","status":"publish","type":"product","link":"https:\/\/aeiestudios.com\/vi\/san-pham\/vulnerable-top\/","title":{"rendered":"VULNERABLE TOP"},"content":{"rendered":"<p>S\u1ea3n ph\u1ea9m \u0111\u01b0\u1ee3c thi\u1ebft k\u1ebf b\u1edfi AEIE STUDIOS v\u00e0 s\u1ea3n xu\u1ea5t t\u1ea1i Vi\u1ec7t Nam.<\/p>\n<p>M\u00f4 t\u1ea3: \u00c1o s\u01a1 mi c\u00e1ch \u0111i\u1ec7u d\u1ea3i voan ruffle theo vi\u1ec1n ng\u1ef1c kho\u00e9t s\u00e2u, c\u00f3 m\u00f3c c\u00e0i gi\u1eefa th\u00e2n tr\u01b0\u1edbc v\u00e0 d\u00e2y c\u1ed9t th\u00e2n s\u00e2u<br \/>\nCh\u1ea5t li\u1ec7u: V\u1ea3i t\u01a1 s\u1ecdc n\u1ed5i<br \/>\nM\u00e0u s\u1eafc: \u0110en<\/p>\n<p>B\u1ea3ng size (cm):<br \/>\n\u2013 S: ngang vai 42 \/ ngang ng\u1ef1c 45 \/ ngang lai 43 \/ d\u00e0i \u00e1o 74,5 \/ d\u00e0i tay 66 \/ c\u1eeda tay 12,5<br \/>\n\u2013 M: ngang vai 44 \/ ngang ng\u1ef1c 47 \/ ngang lai 44 \/ d\u00e0i \u00e1o 76 \/ d\u00e0i tay 67 \/ c\u1eeda tay 13,5<br \/>\n\u2013 L: ngang vai 46 \/ ngang ng\u1ef1c 49 \/ ngang lai 46 \/ d\u00e0i \u00e1o 77,5 \/ d\u00e0i tay 68 \/ c\u1eeda tay 14,5<\/p>\n<p>*Ng\u01b0\u1eddi m\u1eabu cao 170cm v\u00e0 m\u1eb7c size S.<\/p>\n","protected":false},"excerpt":{"rendered":"<p>S\u1ea3n ph\u1ea9m \u0111\u01b0\u1ee3c thi\u1ebft k\u1ebf b\u1edfi AEIE STUDIOS v\u00e0 s\u1ea3n xu\u1ea5t t\u1ea1i Vi\u1ec7t Nam. M\u00f4 t\u1ea3: \u00c1o s\u01a1 mi c\u00e1ch \u0111i\u1ec7u d\u1ea3i voan ruffle theo vi\u1ec1n ng\u1ef1c kho\u00e9t s\u00e2u, c\u00f3 m\u00f3c c\u00e0i gi\u1eefa th\u00e2n tr\u01b0\u1edbc v\u00e0 d\u00e2y c\u1ed9t th\u00e2n s\u00e2u Ch\u1ea5t li\u1ec7u: V\u1ea3i t\u01a1 s\u1ecdc n\u1ed5i M\u00e0u s\u1eafc: \u0110en B\u1ea3ng size (cm): \u2013 S: ngang [&hellip;]<\/p>\n","protected":false},"featured_media":17190,"comment_status":"closed","ping_status":"closed","template":"","meta":{"advanced_seo_description":"","jetpack_seo_html_title":"","jetpack_seo_noindex":false},"product_cat":[643,352,334],"product_tag":[],"class_list":{"0":"post-17199","1":"product","2":"type-product","3":"status-publish","4":"has-post-thumbnail","6":"product_cat-ss2026-vi","7":"product_cat-aeie-studios-vi","8":"product_cat-top-vi","10":"first","11":"instock","12":"shipping-taxable","13":"purchasable","14":"product-type-variable"},"acf":[],"jetpack_sharing_enabled":true,"_links":{"self":[{"href":"https:\/\/aeiestudios.com\/vi\/wp-json\/wp\/v2\/product\/17199","targetHints":{"allow":["GET"]}}],"collection":[{"href":"https:\/\/aeiestudios.com\/vi\/wp-json\/wp\/v2\/product"}],"about":[{"href":"https:\/\/aeiestudios.com\/vi\/wp-json\/wp\/v2\/types\/product"}],"replies":[{"embeddable":true,"href":"https:\/\/aeiestudios.com\/vi\/wp-json\/wp\/v2\/comments?post=17199"}],"wp:featuredmedia":[{"embeddable":true,"href":"https:\/\/aeiestudios.com\/vi\/wp-json\/wp\/v2\/media\/17190"}],"wp:attachment":[{"href":"https:\/\/aeiestudios.com\/vi\/wp-json\/wp\/v2\/media?parent=17199"}],"wp:term":[{"taxonomy":"product_cat","embeddable":true,"href":"https:\/\/aeiestudios.com\/vi\/wp-json\/wp\/v2\/product_cat?post=17199"},{"taxonomy":"product_tag","embeddable":true,"href":"https:\/\/aeiestudios.com\/vi\/wp-json\/wp\/v2\/product_tag?post=17199"}],"curies":[{"name":"wp","href":"https:\/\/api.w.org\/{rel}","templated":true}]}}