{"id":17121,"date":"2026-03-16T09:49:38","date_gmt":"2026-03-16T09:49:38","guid":{"rendered":"https:\/\/aeiestudios.com\/product\/tiana-top\/"},"modified":"2026-03-16T09:49:38","modified_gmt":"2026-03-16T09:49:38","slug":"tiana-top","status":"publish","type":"product","link":"https:\/\/aeiestudios.com\/vi\/san-pham\/tiana-top\/","title":{"rendered":"TIANA TOP"},"content":{"rendered":"<p>s\u1ea3n ph\u1ea9m \u0111\u01b0\u1ee3c thi\u1ebft k\u1ebf v\u00e0 s\u1ea3n xu\u1ea5t t\u1ea1i vi\u1ec7t nam.<\/p>\n<p>m\u00f4 t\u1ea3: \u00e1o cropped chi ti\u1ebft x\u1ebfp li, c\u00f3 zip k\u00e9o, \u0111i\u1ec3m nh\u1ea5n ph\u1ea7n tay b\u1ea5t \u0111\u1ed1i x\u1ee9ng<br \/>\nch\u1ea5t li\u1ec7u: l\u1ee5a \u00f3ng<\/p>\n<p>b\u1ea3ng size s\u1ea3n ph\u1ea9m (cm):<br \/>\n\u2013 S: ng\u1ef1c 78\u201384 \/ eo 62\u201368 \/ d\u00e0i 47 \/ r\u1ed9ng n\u00e1ch 48<br \/>\n\u2013 M: ng\u1ef1c 82\u201388 \/ eo 68\u201372 \/ d\u00e0i 48 \/ r\u1ed9ng n\u00e1ch 49<br \/>\n\u2013 L: ng\u1ef1c 86\u201392 \/ eo 72\u201378 \/ d\u00e0i 49 \/ r\u1ed9ng n\u00e1ch 50<\/p>\n<p>*ng\u01b0\u1eddi m\u1eabu cao 170cm &#038; m\u1eb7c size S.<\/p>\n","protected":false},"excerpt":{"rendered":"<p>s\u1ea3n ph\u1ea9m \u0111\u01b0\u1ee3c thi\u1ebft k\u1ebf v\u00e0 s\u1ea3n xu\u1ea5t t\u1ea1i vi\u1ec7t nam. m\u00f4 t\u1ea3: \u00e1o cropped chi ti\u1ebft x\u1ebfp li, c\u00f3 zip k\u00e9o, \u0111i\u1ec3m nh\u1ea5n ph\u1ea7n tay b\u1ea5t \u0111\u1ed1i x\u1ee9ng ch\u1ea5t li\u1ec7u: l\u1ee5a \u00f3ng b\u1ea3ng size s\u1ea3n ph\u1ea9m (cm): \u2013 S: ng\u1ef1c 78\u201384 \/ eo 62\u201368 \/ d\u00e0i 47 \/ r\u1ed9ng n\u00e1ch 48 \u2013 M: ng\u1ef1c [&hellip;]<\/p>\n","protected":false},"featured_media":17098,"comment_status":"closed","ping_status":"closed","template":"","meta":{"advanced_seo_description":"","jetpack_seo_html_title":"","jetpack_seo_noindex":false},"product_cat":[543,648,351,415],"product_tag":[],"class_list":{"0":"post-17121","1":"product","2":"type-product","3":"status-publish","4":"has-post-thumbnail","6":"product_cat-junior-vi","7":"product_cat-tbsp-drop-3-vi","8":"product_cat-aeie-junior-vi","9":"product_cat-jr-top-vi","11":"first","12":"instock","13":"shipping-taxable","14":"purchasable","15":"product-type-variable"},"acf":[],"jetpack_sharing_enabled":true,"_links":{"self":[{"href":"https:\/\/aeiestudios.com\/vi\/wp-json\/wp\/v2\/product\/17121","targetHints":{"allow":["GET"]}}],"collection":[{"href":"https:\/\/aeiestudios.com\/vi\/wp-json\/wp\/v2\/product"}],"about":[{"href":"https:\/\/aeiestudios.com\/vi\/wp-json\/wp\/v2\/types\/product"}],"replies":[{"embeddable":true,"href":"https:\/\/aeiestudios.com\/vi\/wp-json\/wp\/v2\/comments?post=17121"}],"wp:featuredmedia":[{"embeddable":true,"href":"https:\/\/aeiestudios.com\/vi\/wp-json\/wp\/v2\/media\/17098"}],"wp:attachment":[{"href":"https:\/\/aeiestudios.com\/vi\/wp-json\/wp\/v2\/media?parent=17121"}],"wp:term":[{"taxonomy":"product_cat","embeddable":true,"href":"https:\/\/aeiestudios.com\/vi\/wp-json\/wp\/v2\/product_cat?post=17121"},{"taxonomy":"product_tag","embeddable":true,"href":"https:\/\/aeiestudios.com\/vi\/wp-json\/wp\/v2\/product_tag?post=17121"}],"curies":[{"name":"wp","href":"https:\/\/api.w.org\/{rel}","templated":true}]}}