{"id":17115,"date":"2026-03-16T09:49:42","date_gmt":"2026-03-16T09:49:42","guid":{"rendered":"https:\/\/aeiestudios.com\/product\/rapunzel-pants\/"},"modified":"2026-03-16T09:49:42","modified_gmt":"2026-03-16T09:49:42","slug":"rapunzel-pants","status":"publish","type":"product","link":"https:\/\/aeiestudios.com\/vi\/san-pham\/rapunzel-pants\/","title":{"rendered":"RAPUNZEL PANTS"},"content":{"rendered":"<p>s\u1ea3n ph\u1ea9m \u0111\u01b0\u1ee3c thi\u1ebft k\u1ebf v\u00e0 s\u1ea3n xu\u1ea5t t\u1ea1i vi\u1ec7t nam.<\/p>\n<p>m\u00f4 t\u1ea3: qu\u1ea7n \u1ed1ng \u0111\u1ee9ng, c\u1ea1p th\u1ea5p, c\u00f3 d\u00e2y k\u00e9o. \u0111i\u1ec3m nh\u1ea5n n\u01a1 x\u1ebfp lu r\u0169 h\u00f4ng ph\u1ea3i.<br \/>\nch\u1ea5t li\u1ec7u: b\u1ed1 s\u1ecdc<\/p>\n<p>b\u1ea3ng size s\u1ea3n ph\u1ea9m (cm):<br \/>\n\u2014S: eo d\u01b0\u1edbi 74-78\/ m\u00f4ng 86-90\/ d\u00e0i 98<br \/>\n\u2014M: eo d\u01b0\u1edbi 78-82\/ m\u00f4ng 90-94\/ d\u00e0i 99<br \/>\n\u2014L: eo d\u01b0\u1edbi 82-86\/ m\u00f4ng 94-96\/ d\u00e0i 100<\/p>\n<p>*ng\u01b0\u1eddi m\u1eabu cao 170cm &#038; m\u1eb7c size S.<\/p>\n","protected":false},"excerpt":{"rendered":"<p>s\u1ea3n ph\u1ea9m \u0111\u01b0\u1ee3c thi\u1ebft k\u1ebf v\u00e0 s\u1ea3n xu\u1ea5t t\u1ea1i vi\u1ec7t nam. m\u00f4 t\u1ea3: qu\u1ea7n \u1ed1ng \u0111\u1ee9ng, c\u1ea1p th\u1ea5p, c\u00f3 d\u00e2y k\u00e9o. \u0111i\u1ec3m nh\u1ea5n n\u01a1 x\u1ebfp lu r\u0169 h\u00f4ng ph\u1ea3i. ch\u1ea5t li\u1ec7u: b\u1ed1 s\u1ecdc b\u1ea3ng size s\u1ea3n ph\u1ea9m (cm): \u2014S: eo d\u01b0\u1edbi 74-78\/ m\u00f4ng 86-90\/ d\u00e0i 98 \u2014M: eo d\u01b0\u1edbi 78-82\/ m\u00f4ng 90-94\/ d\u00e0i 99 \u2014L: [&hellip;]<\/p>\n","protected":false},"featured_media":17106,"comment_status":"closed","ping_status":"closed","template":"","meta":{"advanced_seo_description":"","jetpack_seo_html_title":"","jetpack_seo_noindex":false},"product_cat":[543,648,351,410],"product_tag":[],"class_list":{"0":"post-17115","1":"product","2":"type-product","3":"status-publish","4":"has-post-thumbnail","6":"product_cat-junior-vi","7":"product_cat-tbsp-drop-3-vi","8":"product_cat-aeie-junior-vi","9":"product_cat-jr-bottoms-vi","11":"first","12":"instock","13":"shipping-taxable","14":"purchasable","15":"product-type-variable"},"acf":[],"jetpack_sharing_enabled":true,"_links":{"self":[{"href":"https:\/\/aeiestudios.com\/vi\/wp-json\/wp\/v2\/product\/17115","targetHints":{"allow":["GET"]}}],"collection":[{"href":"https:\/\/aeiestudios.com\/vi\/wp-json\/wp\/v2\/product"}],"about":[{"href":"https:\/\/aeiestudios.com\/vi\/wp-json\/wp\/v2\/types\/product"}],"replies":[{"embeddable":true,"href":"https:\/\/aeiestudios.com\/vi\/wp-json\/wp\/v2\/comments?post=17115"}],"wp:featuredmedia":[{"embeddable":true,"href":"https:\/\/aeiestudios.com\/vi\/wp-json\/wp\/v2\/media\/17106"}],"wp:attachment":[{"href":"https:\/\/aeiestudios.com\/vi\/wp-json\/wp\/v2\/media?parent=17115"}],"wp:term":[{"taxonomy":"product_cat","embeddable":true,"href":"https:\/\/aeiestudios.com\/vi\/wp-json\/wp\/v2\/product_cat?post=17115"},{"taxonomy":"product_tag","embeddable":true,"href":"https:\/\/aeiestudios.com\/vi\/wp-json\/wp\/v2\/product_tag?post=17115"}],"curies":[{"name":"wp","href":"https:\/\/api.w.org\/{rel}","templated":true}]}}