{"id":16795,"date":"2025-12-17T08:38:26","date_gmt":"2025-12-17T08:38:26","guid":{"rendered":"https:\/\/aeiestudios.com\/product\/athena-top\/"},"modified":"2025-12-17T08:38:26","modified_gmt":"2025-12-17T08:38:26","slug":"athena-top","status":"publish","type":"product","link":"https:\/\/aeiestudios.com\/vi\/san-pham\/athena-top\/","title":{"rendered":"ATHENA TOP"},"content":{"rendered":"<p>S\u1ea3n ph\u1ea9m \u0111\u01b0\u1ee3c thi\u1ebft k\u1ebf b\u1edbi AEIE STUDIOS v\u00e0 s\u1ea3n xu\u1ea5t t\u1ea1i Vi\u1ec7t Nam.<\/p>\n<p>*S\u1ea2N PH\u1ea8M L\u00c0M THEO \u0110\u01a0N \u0110\u1eb6T H\u00c0NG*<\/p>\n<p>Mi\u00eau t\u1ea3: \u00c1o drapping th\u1ee7 c\u00f4ng theo s\u1ed1 \u0111o ng\u01b0\u1eddi m\u1eb7c<br \/>\nCh\u1ea5t li\u1ec7u: Voan<br \/>\nM\u00e0u s\u1eafc: T\u00edm \u00e1nh x\u00e1m<\/p>\n<p>S\u1ea3n ph\u1ea9m c\u00f3 th\u1ec3 \u0111\u01b0\u1ee3c custom theo s\u1ed1 \u0111o. \u0110\u1ec3 th\u00eam l\u01b0u \u00fd v\u1ec1 size, vui l\u00f2ng \u0111i\u1ec1n th\u00f4ng tin t\u1ea1i \u00f4 ghi ch\u00fa khi thanh to\u00e1n.<\/p>\n<p>Ch\u0103m s\u00f3c kh\u00e1ch h\u00e0ng: Vui l\u00f2ng li\u00ean h\u1ec7 qua Instagram @aeiestudios &#038; Email services@aeiestudios.com<\/p>\n","protected":false},"excerpt":{"rendered":"<p>S\u1ea3n ph\u1ea9m \u0111\u01b0\u1ee3c thi\u1ebft k\u1ebf b\u1edbi AEIE STUDIOS v\u00e0 s\u1ea3n xu\u1ea5t t\u1ea1i Vi\u1ec7t Nam. *S\u1ea2N PH\u1ea8M L\u00c0M THEO \u0110\u01a0N \u0110\u1eb6T H\u00c0NG* Mi\u00eau t\u1ea3: \u00c1o drapping th\u1ee7 c\u00f4ng theo s\u1ed1 \u0111o ng\u01b0\u1eddi m\u1eb7c Ch\u1ea5t li\u1ec7u: Voan M\u00e0u s\u1eafc: T\u00edm \u00e1nh x\u00e1m S\u1ea3n ph\u1ea9m c\u00f3 th\u1ec3 \u0111\u01b0\u1ee3c custom theo s\u1ed1 \u0111o. \u0110\u1ec3 th\u00eam l\u01b0u \u00fd v\u1ec1 size, [&hellip;]<\/p>\n","protected":false},"featured_media":15506,"comment_status":"closed","ping_status":"closed","template":"","meta":{"advanced_seo_description":"","jetpack_seo_html_title":"","jetpack_seo_noindex":false},"product_cat":[604,352,334],"product_tag":[],"class_list":{"0":"post-16795","1":"product","2":"type-product","3":"status-publish","4":"has-post-thumbnail","6":"product_cat-fw2024-vi","7":"product_cat-aeie-studios-vi","8":"product_cat-top-vi","10":"first","11":"onbackorder","12":"shipping-taxable","13":"purchasable","14":"product-type-variable"},"acf":[],"jetpack_sharing_enabled":true,"_links":{"self":[{"href":"https:\/\/aeiestudios.com\/vi\/wp-json\/wp\/v2\/product\/16795","targetHints":{"allow":["GET"]}}],"collection":[{"href":"https:\/\/aeiestudios.com\/vi\/wp-json\/wp\/v2\/product"}],"about":[{"href":"https:\/\/aeiestudios.com\/vi\/wp-json\/wp\/v2\/types\/product"}],"replies":[{"embeddable":true,"href":"https:\/\/aeiestudios.com\/vi\/wp-json\/wp\/v2\/comments?post=16795"}],"wp:featuredmedia":[{"embeddable":true,"href":"https:\/\/aeiestudios.com\/vi\/wp-json\/wp\/v2\/media\/15506"}],"wp:attachment":[{"href":"https:\/\/aeiestudios.com\/vi\/wp-json\/wp\/v2\/media?parent=16795"}],"wp:term":[{"taxonomy":"product_cat","embeddable":true,"href":"https:\/\/aeiestudios.com\/vi\/wp-json\/wp\/v2\/product_cat?post=16795"},{"taxonomy":"product_tag","embeddable":true,"href":"https:\/\/aeiestudios.com\/vi\/wp-json\/wp\/v2\/product_tag?post=16795"}],"curies":[{"name":"wp","href":"https:\/\/api.w.org\/{rel}","templated":true}]}}