{"id":16659,"date":"2024-12-06T07:47:51","date_gmt":"2024-12-06T07:47:51","guid":{"rendered":"https:\/\/aeiestudios.com\/product\/blanc-jacket-white\/"},"modified":"2024-12-06T07:47:51","modified_gmt":"2024-12-06T07:47:51","slug":"blanc-jacket-white","status":"publish","type":"product","link":"https:\/\/aeiestudios.com\/vi\/san-pham\/blanc-jacket-white\/","title":{"rendered":"BLANC JACKET (WHITE)"},"content":{"rendered":"<p>S\u1ea3n ph\u1ea9m \u0111\u01b0\u1ee3c thi\u1ebft k\u1ebf b\u1edbi AEIE STUDIOS v\u00e0 s\u1ea3n xu\u1ea5t t\u1ea1i Vi\u1ec7t Nam.<\/p>\n<p>Mi\u00eau t\u1ea3: \u00c1o kho\u00e1c tay b\u1ed3ng, , v\u1ea3i \u1ee7i \u00e9p n\u1ebfp th\u1ee7 c\u00f4ng, d\u00e2y \u0111ai 2 b\u00ean eo c\u00f3 th\u1ec3 \u0111i\u1ec1u ch\u1ec9nh<br \/>\nM\u00e0u: Tr\u1eafng<\/p>\n<p>B\u1ea3ng size (cm):<br \/>\n\u2013 S: ng\u1ef1c 78-84 \/ eo 62-66<br \/>\n\u2013 M: ng\u1ef1c 84-90 \/ eo 66-70<br \/>\n\u2013 L: ng\u1ef1c 90-96 \/ eo 70-74<\/p>\n","protected":false},"excerpt":{"rendered":"<p>S\u1ea3n ph\u1ea9m \u0111\u01b0\u1ee3c thi\u1ebft k\u1ebf b\u1edbi AEIE STUDIOS v\u00e0 s\u1ea3n xu\u1ea5t t\u1ea1i Vi\u1ec7t Nam. Mi\u00eau t\u1ea3: \u00c1o kho\u00e1c tay b\u1ed3ng, , v\u1ea3i \u1ee7i \u00e9p n\u1ebfp th\u1ee7 c\u00f4ng, d\u00e2y \u0111ai 2 b\u00ean eo c\u00f3 th\u1ec3 \u0111i\u1ec1u ch\u1ec9nh M\u00e0u: Tr\u1eafng B\u1ea3ng size (cm): \u2013 S: ng\u1ef1c 78-84 \/ eo 62-66 \u2013 M: ng\u1ef1c 84-90 \/ eo 66-70 [&hellip;]<\/p>\n","protected":false},"featured_media":15575,"comment_status":"closed","ping_status":"closed","template":"","meta":{"advanced_seo_description":"","jetpack_seo_html_title":"","jetpack_seo_noindex":false},"product_cat":[],"product_tag":[],"class_list":{"0":"post-16659","1":"product","2":"type-product","3":"status-publish","4":"has-post-thumbnail","7":"first","8":"instock","9":"shipping-taxable","10":"purchasable","11":"product-type-simple"},"acf":[],"jetpack_sharing_enabled":true,"_links":{"self":[{"href":"https:\/\/aeiestudios.com\/vi\/wp-json\/wp\/v2\/product\/16659","targetHints":{"allow":["GET"]}}],"collection":[{"href":"https:\/\/aeiestudios.com\/vi\/wp-json\/wp\/v2\/product"}],"about":[{"href":"https:\/\/aeiestudios.com\/vi\/wp-json\/wp\/v2\/types\/product"}],"replies":[{"embeddable":true,"href":"https:\/\/aeiestudios.com\/vi\/wp-json\/wp\/v2\/comments?post=16659"}],"wp:featuredmedia":[{"embeddable":true,"href":"https:\/\/aeiestudios.com\/vi\/wp-json\/wp\/v2\/media\/15575"}],"wp:attachment":[{"href":"https:\/\/aeiestudios.com\/vi\/wp-json\/wp\/v2\/media?parent=16659"}],"wp:term":[{"taxonomy":"product_cat","embeddable":true,"href":"https:\/\/aeiestudios.com\/vi\/wp-json\/wp\/v2\/product_cat?post=16659"},{"taxonomy":"product_tag","embeddable":true,"href":"https:\/\/aeiestudios.com\/vi\/wp-json\/wp\/v2\/product_tag?post=16659"}],"curies":[{"name":"wp","href":"https:\/\/api.w.org\/{rel}","templated":true}]}}