{"id":16634,"date":"2025-12-17T08:47:32","date_gmt":"2025-12-17T08:47:32","guid":{"rendered":"https:\/\/aeiestudios.com\/product\/mystic-dress-wine\/"},"modified":"2025-12-17T08:47:32","modified_gmt":"2025-12-17T08:47:32","slug":"mystic-dress-wine","status":"publish","type":"product","link":"https:\/\/aeiestudios.com\/vi\/san-pham\/mystic-dress-wine\/","title":{"rendered":"MYSTIC DRESS (WINE)"},"content":{"rendered":"<p>S\u1ea3n ph\u1ea9m \u0111\u01b0\u1ee3c thi\u1ebft k\u1ebf b\u1edbi AEIE STUDIOS v\u00e0 s\u1ea3n xu\u1ea5t t\u1ea1i Vi\u1ec7t Nam.<\/p>\n<p>Mi\u00eau t\u1ea3: \u0110\u1ea7m d\u00e0i c\u1ed5 y\u1ebfm \u0111\u1ed5 ng\u1ef1c, thi\u1ebft k\u1ebf h\u1edf l\u01b0ng ch\u00e2n v\u00e1y \u0111u\u00f4i c\u00e1 x\u1ebb s\u01b0\u1eddn<br \/>\nCh\u1ea5t li\u1ec7u: L\u1ee5a<br \/>\nM\u00e0u s\u1eafc: \u0110en \/ \u0110\u1ecf r\u01b0\u1ee3u  <\/p>\n<p>B\u1ea3ng size (cm):<br \/>\n\u2013 S: ng\u1ef1c 76-82 \/ eo 60-67 \/ h\u00f4ng 80-86<br \/>\n\u2013 M: ng\u1ef1c 82-88 \/ eo 68-73 \/ h\u00f4ng 86-92<br \/>\n\u2013 L: ng\u1ef1c 88-94 \/ eo 74-78 \/ h\u00f4ng 92-98<\/p>\n","protected":false},"excerpt":{"rendered":"<p>S\u1ea3n ph\u1ea9m \u0111\u01b0\u1ee3c thi\u1ebft k\u1ebf b\u1edbi AEIE STUDIOS v\u00e0 s\u1ea3n xu\u1ea5t t\u1ea1i Vi\u1ec7t Nam. Mi\u00eau t\u1ea3: \u0110\u1ea7m d\u00e0i c\u1ed5 y\u1ebfm \u0111\u1ed5 ng\u1ef1c, thi\u1ebft k\u1ebf h\u1edf l\u01b0ng ch\u00e2n v\u00e1y \u0111u\u00f4i c\u00e1 x\u1ebb s\u01b0\u1eddn Ch\u1ea5t li\u1ec7u: L\u1ee5a M\u00e0u s\u1eafc: \u0110en \/ \u0110\u1ecf r\u01b0\u1ee3u B\u1ea3ng size (cm): \u2013 S: ng\u1ef1c 76-82 \/ eo 60-67 \/ h\u00f4ng 80-86 \u2013 [&hellip;]<\/p>\n","protected":false},"featured_media":15535,"comment_status":"closed","ping_status":"closed","template":"","meta":{"advanced_seo_description":"","jetpack_seo_html_title":"","jetpack_seo_noindex":false},"product_cat":[640],"product_tag":[],"class_list":{"0":"post-16634","1":"product","2":"type-product","3":"status-publish","4":"has-post-thumbnail","6":"product_cat-spring-25-vi","8":"first","9":"instock","10":"shipping-taxable","11":"purchasable","12":"product-type-variable"},"acf":[],"jetpack_sharing_enabled":true,"_links":{"self":[{"href":"https:\/\/aeiestudios.com\/vi\/wp-json\/wp\/v2\/product\/16634","targetHints":{"allow":["GET"]}}],"collection":[{"href":"https:\/\/aeiestudios.com\/vi\/wp-json\/wp\/v2\/product"}],"about":[{"href":"https:\/\/aeiestudios.com\/vi\/wp-json\/wp\/v2\/types\/product"}],"replies":[{"embeddable":true,"href":"https:\/\/aeiestudios.com\/vi\/wp-json\/wp\/v2\/comments?post=16634"}],"wp:featuredmedia":[{"embeddable":true,"href":"https:\/\/aeiestudios.com\/vi\/wp-json\/wp\/v2\/media\/15535"}],"wp:attachment":[{"href":"https:\/\/aeiestudios.com\/vi\/wp-json\/wp\/v2\/media?parent=16634"}],"wp:term":[{"taxonomy":"product_cat","embeddable":true,"href":"https:\/\/aeiestudios.com\/vi\/wp-json\/wp\/v2\/product_cat?post=16634"},{"taxonomy":"product_tag","embeddable":true,"href":"https:\/\/aeiestudios.com\/vi\/wp-json\/wp\/v2\/product_tag?post=16634"}],"curies":[{"name":"wp","href":"https:\/\/api.w.org\/{rel}","templated":true}]}}