{"id":16449,"date":"2025-11-08T08:10:07","date_gmt":"2025-11-08T08:10:07","guid":{"rendered":"https:\/\/aeiestudios.com\/product\/flux-top\/"},"modified":"2025-11-08T08:10:07","modified_gmt":"2025-11-08T08:10:07","slug":"flux-top","status":"publish","type":"product","link":"https:\/\/aeiestudios.com\/vi\/san-pham\/flux-top\/","title":{"rendered":"FLUX TOP"},"content":{"rendered":"<p>S\u1ea3n ph\u1ea9m \u0111\u01b0\u1ee3c thi\u1ebft k\u1ebf b\u1edbi AEIE STUDIOS v\u00e0 s\u1ea3n xu\u1ea5t t\u1ea1i Vi\u1ec7t Nam.<\/p>\n<p>M\u00f4 t\u1ea3: \u00c1o c\u00e1ch \u0111i\u1ec7u v\u1ea1t ch\u00e9o, \u0111\u00ednh n\u00fat, \u00e9p th\u1eaft eo.<br \/>\nCh\u1ea5t li\u1ec7u: N\u1ec9 ch\u00e2n cua<br \/>\nM\u00e0u s\u1eafc: Xanh than<\/p>\n<p>B\u1ea3ng size (cm):<br \/>\n\u2013 S: vai 32\u201334 \/ ng\u1ef1c 78\u201380 \/ eo 58\u201360 \/ d\u00e0i \u00e1o 63\u201365<br \/>\n\u2013 M: vai 34\u201336 \/ ng\u1ef1c 82\u201384 \/ eo 62\u201364 \/ d\u00e0i \u00e1o 64\u201366<br \/>\n\u2013 L: vai 36\u201338 \/ ng\u1ef1c 86\u201388 \/ eo 66\u201368 \/ d\u00e0i \u00e1o 66\u201368<\/p>\n","protected":false},"excerpt":{"rendered":"<p>S\u1ea3n ph\u1ea9m \u0111\u01b0\u1ee3c thi\u1ebft k\u1ebf b\u1edbi AEIE STUDIOS v\u00e0 s\u1ea3n xu\u1ea5t t\u1ea1i Vi\u1ec7t Nam. M\u00f4 t\u1ea3: \u00c1o c\u00e1ch \u0111i\u1ec7u v\u1ea1t ch\u00e9o, \u0111\u00ednh n\u00fat, \u00e9p th\u1eaft eo. Ch\u1ea5t li\u1ec7u: N\u1ec9 ch\u00e2n cua M\u00e0u s\u1eafc: Xanh than B\u1ea3ng size (cm): \u2013 S: vai 32\u201334 \/ ng\u1ef1c 78\u201380 \/ eo 58\u201360 \/ d\u00e0i \u00e1o 63\u201365 \u2013 M: vai [&hellip;]<\/p>\n","protected":false},"featured_media":16720,"comment_status":"closed","ping_status":"closed","template":"","meta":{"advanced_seo_description":"","jetpack_seo_html_title":"","jetpack_seo_noindex":false},"product_cat":[634],"product_tag":[],"class_list":{"0":"post-16449","1":"product","2":"type-product","3":"status-publish","4":"has-post-thumbnail","6":"product_cat-studios-drop-1-2025-vi","8":"first","9":"instock","10":"shipping-taxable","11":"purchasable","12":"product-type-variable"},"acf":[],"jetpack_sharing_enabled":true,"_links":{"self":[{"href":"https:\/\/aeiestudios.com\/vi\/wp-json\/wp\/v2\/product\/16449","targetHints":{"allow":["GET"]}}],"collection":[{"href":"https:\/\/aeiestudios.com\/vi\/wp-json\/wp\/v2\/product"}],"about":[{"href":"https:\/\/aeiestudios.com\/vi\/wp-json\/wp\/v2\/types\/product"}],"replies":[{"embeddable":true,"href":"https:\/\/aeiestudios.com\/vi\/wp-json\/wp\/v2\/comments?post=16449"}],"wp:featuredmedia":[{"embeddable":true,"href":"https:\/\/aeiestudios.com\/vi\/wp-json\/wp\/v2\/media\/16720"}],"wp:attachment":[{"href":"https:\/\/aeiestudios.com\/vi\/wp-json\/wp\/v2\/media?parent=16449"}],"wp:term":[{"taxonomy":"product_cat","embeddable":true,"href":"https:\/\/aeiestudios.com\/vi\/wp-json\/wp\/v2\/product_cat?post=16449"},{"taxonomy":"product_tag","embeddable":true,"href":"https:\/\/aeiestudios.com\/vi\/wp-json\/wp\/v2\/product_tag?post=16449"}],"curies":[{"name":"wp","href":"https:\/\/api.w.org\/{rel}","templated":true}]}}