{"id":16142,"date":"2025-10-22T09:42:19","date_gmt":"2025-10-22T09:42:19","guid":{"rendered":"https:\/\/aeiestudios.com\/product\/arabella-pants-black\/"},"modified":"2025-10-22T09:42:19","modified_gmt":"2025-10-22T09:42:19","slug":"arabella-pants-black","status":"publish","type":"product","link":"https:\/\/aeiestudios.com\/vi\/san-pham\/arabella-pants-black\/","title":{"rendered":"ARABELLA PANTS *BLACK*"},"content":{"rendered":"<p>s\u1ea3n ph\u1ea9m \u0111\u01b0\u1ee3c thi\u1ebft k\u1ebf b\u1edfi aeie studios v\u00e0 s\u1ea3n xu\u1ea5t t\u1ea1i Vi\u1ec7t Nam.<\/p>\n<p>m\u00f4 t\u1ea3: qu\u1ea7n short c\u1ea1p th\u1ea5p d\u00e1ng \u00f4m, thi\u1ebft k\u1ebf t\u1ed1i gi\u1ea3n v\u1edbi \u0111\u01b0\u1eddng c\u1eaft g\u1ecdn g\u00e0ng v\u00e0 \u0111\u1ed9 d\u00e0i ng\u1eafn.<br \/>\nch\u1ea5t li\u1ec7u: kaki h\u1ed3ng<\/p>\n<p>b\u1ea3ng size (cm):<br \/>\n\u2014 S: eo 36 \/ m\u00f4ng 41.5 \/ d\u00e0i 18<br \/>\n\u2014 M: eo 38.5 \/ m\u00f4ng 44 \/ d\u00e0i 19<br \/>\n\u2014 L: eo 41 \/ m\u00f4ng 46.5 \/ d\u00e0i 20<\/p>\n<p>*ng\u01b0\u1eddi m\u1eabu cao 170cm v\u00e0 m\u1eb7c size S.<\/p>\n","protected":false},"excerpt":{"rendered":"<p>s\u1ea3n ph\u1ea9m \u0111\u01b0\u1ee3c thi\u1ebft k\u1ebf b\u1edfi aeie studios v\u00e0 s\u1ea3n xu\u1ea5t t\u1ea1i Vi\u1ec7t Nam. m\u00f4 t\u1ea3: qu\u1ea7n short c\u1ea1p th\u1ea5p d\u00e1ng \u00f4m, thi\u1ebft k\u1ebf t\u1ed1i gi\u1ea3n v\u1edbi \u0111\u01b0\u1eddng c\u1eaft g\u1ecdn g\u00e0ng v\u00e0 \u0111\u1ed9 d\u00e0i ng\u1eafn. ch\u1ea5t li\u1ec7u: kaki h\u1ed3ng b\u1ea3ng size (cm): \u2014 S: eo 36 \/ m\u00f4ng 41.5 \/ d\u00e0i 18 \u2014 M: eo [&hellip;]<\/p>\n","protected":false},"featured_media":16107,"comment_status":"closed","ping_status":"closed","template":"","meta":{"advanced_seo_description":"","jetpack_seo_html_title":"","jetpack_seo_noindex":false},"product_cat":[632],"product_tag":[],"class_list":{"0":"post-16142","1":"product","2":"type-product","3":"status-publish","4":"has-post-thumbnail","6":"product_cat-bottom-vi","8":"first","9":"instock","10":"shipping-taxable","11":"purchasable","12":"product-type-variable"},"acf":[],"jetpack_sharing_enabled":true,"_links":{"self":[{"href":"https:\/\/aeiestudios.com\/vi\/wp-json\/wp\/v2\/product\/16142","targetHints":{"allow":["GET"]}}],"collection":[{"href":"https:\/\/aeiestudios.com\/vi\/wp-json\/wp\/v2\/product"}],"about":[{"href":"https:\/\/aeiestudios.com\/vi\/wp-json\/wp\/v2\/types\/product"}],"replies":[{"embeddable":true,"href":"https:\/\/aeiestudios.com\/vi\/wp-json\/wp\/v2\/comments?post=16142"}],"wp:featuredmedia":[{"embeddable":true,"href":"https:\/\/aeiestudios.com\/vi\/wp-json\/wp\/v2\/media\/16107"}],"wp:attachment":[{"href":"https:\/\/aeiestudios.com\/vi\/wp-json\/wp\/v2\/media?parent=16142"}],"wp:term":[{"taxonomy":"product_cat","embeddable":true,"href":"https:\/\/aeiestudios.com\/vi\/wp-json\/wp\/v2\/product_cat?post=16142"},{"taxonomy":"product_tag","embeddable":true,"href":"https:\/\/aeiestudios.com\/vi\/wp-json\/wp\/v2\/product_tag?post=16142"}],"curies":[{"name":"wp","href":"https:\/\/api.w.org\/{rel}","templated":true}]}}