{"id":16000,"date":"2025-07-11T07:33:30","date_gmt":"2025-07-11T07:33:30","guid":{"rendered":"https:\/\/aeiestudios.com\/product\/apetite-top\/"},"modified":"2025-07-11T07:33:30","modified_gmt":"2025-07-11T07:33:30","slug":"apetite-top","status":"publish","type":"product","link":"https:\/\/aeiestudios.com\/vi\/san-pham\/apetite-top\/","title":{"rendered":"APETITE TOP"},"content":{"rendered":"<p>s\u1ea3n ph\u1ea9m \u0111\u01b0\u1ee3c thi\u1ebft k\u1ebf v\u00e0 s\u1ea3n xu\u1ea5t t\u1ea1i vi\u1ec7t nam.<\/p>\n<p>m\u00f4 t\u1ea3: \u00e1o c\u1ed5 b\u1ebb c\u00e1ch \u0111i\u1ec7u cut\u2014out ng\u1ef1c v\u00e0 l\u01b0ng, \u0111i\u1ec3m hai h\u00e0ng n\u00fat<br \/>\nch\u1ea5t li\u1ec7u: l\u1ee5a gi\u1ea3 da\u2014c\u00f3 c\u1ea3 s\u1ef1 tho\u1ea3i m\u00e1i tho\u00e1ng m\u00e1t c\u1ee7a l\u1ee5a v\u00e0 s\u1ef1 &#8220;soang ch\u1ea3nh&#8221; c\u1ee7a da<\/p>\n<p>b\u1ea3ng size s\u1ea3n ph\u1ea9m (cm):<br \/>\n\u2014 S: ng\u1ef1c 78-84 \/ eo 60-66<br \/>\n\u2014 M: ng\u1ef1c 84-90 \/ eo 66-72<br \/>\n\u2014 L: ng\u1ef1c 90-94 \/ eo 72-78 <\/p>\n<p>*ng\u01b0\u1eddi m\u1eabu cao 170cm &#038; m\u1eb7c size S.<\/p>\n","protected":false},"excerpt":{"rendered":"<p>s\u1ea3n ph\u1ea9m \u0111\u01b0\u1ee3c thi\u1ebft k\u1ebf v\u00e0 s\u1ea3n xu\u1ea5t t\u1ea1i vi\u1ec7t nam. m\u00f4 t\u1ea3: \u00e1o c\u1ed5 b\u1ebb c\u00e1ch \u0111i\u1ec7u cut\u2014out ng\u1ef1c v\u00e0 l\u01b0ng, \u0111i\u1ec3m hai h\u00e0ng n\u00fat ch\u1ea5t li\u1ec7u: l\u1ee5a gi\u1ea3 da\u2014c\u00f3 c\u1ea3 s\u1ef1 tho\u1ea3i m\u00e1i tho\u00e1ng m\u00e1t c\u1ee7a l\u1ee5a v\u00e0 s\u1ef1 &#8220;soang ch\u1ea3nh&#8221; c\u1ee7a da b\u1ea3ng size s\u1ea3n ph\u1ea9m (cm): \u2014 S: ng\u1ef1c 78-84 \/ [&hellip;]<\/p>\n","protected":false},"featured_media":15999,"comment_status":"closed","ping_status":"closed","template":"","meta":{"advanced_seo_description":"","jetpack_seo_html_title":"","jetpack_seo_noindex":false},"product_cat":[627],"product_tag":[],"class_list":{"0":"post-16000","1":"product","2":"type-product","3":"status-publish","4":"has-post-thumbnail","6":"product_cat-tbsp-drop-1-vi","8":"first","9":"instock","10":"shipping-taxable","11":"purchasable","12":"product-type-variable"},"acf":[],"jetpack_sharing_enabled":true,"_links":{"self":[{"href":"https:\/\/aeiestudios.com\/vi\/wp-json\/wp\/v2\/product\/16000","targetHints":{"allow":["GET"]}}],"collection":[{"href":"https:\/\/aeiestudios.com\/vi\/wp-json\/wp\/v2\/product"}],"about":[{"href":"https:\/\/aeiestudios.com\/vi\/wp-json\/wp\/v2\/types\/product"}],"replies":[{"embeddable":true,"href":"https:\/\/aeiestudios.com\/vi\/wp-json\/wp\/v2\/comments?post=16000"}],"wp:featuredmedia":[{"embeddable":true,"href":"https:\/\/aeiestudios.com\/vi\/wp-json\/wp\/v2\/media\/15999"}],"wp:attachment":[{"href":"https:\/\/aeiestudios.com\/vi\/wp-json\/wp\/v2\/media?parent=16000"}],"wp:term":[{"taxonomy":"product_cat","embeddable":true,"href":"https:\/\/aeiestudios.com\/vi\/wp-json\/wp\/v2\/product_cat?post=16000"},{"taxonomy":"product_tag","embeddable":true,"href":"https:\/\/aeiestudios.com\/vi\/wp-json\/wp\/v2\/product_tag?post=16000"}],"curies":[{"name":"wp","href":"https:\/\/api.w.org\/{rel}","templated":true}]}}