{"id":15974,"date":"2025-07-11T05:47:37","date_gmt":"2025-07-11T05:47:37","guid":{"rendered":"https:\/\/aeiestudios.com\/product\/luna-top\/"},"modified":"2025-07-11T05:47:37","modified_gmt":"2025-07-11T05:47:37","slug":"luna-top","status":"publish","type":"product","link":"https:\/\/aeiestudios.com\/vi\/san-pham\/luna-top\/","title":{"rendered":"LUNA TOP"},"content":{"rendered":"<p>s\u1ea3n ph\u1ea9m \u0111\u01b0\u1ee3c thi\u1ebft k\u1ebf v\u00e0 s\u1ea3n xu\u1ea5t t\u1ea1i vi\u1ec7t nam.<\/p>\n<p>m\u00f4 t\u1ea3: \u00e1o cropped c\u00e1ch \u0111i\u1ec7u c\u1ed5 \u0111\u1ee9ng \u0111\u00ednh n\u00fat x\u00e0 c\u1eeb, t\u00fai tr\u01b0\u1edbc x\u1ebfp li, x\u1ebb l\u01b0ng<br \/>\nch\u1ea5t li\u1ec7u: khaki vi\u1ec1n l\u1ee5a<\/p>\n<p>b\u1ea3ng size s\u1ea3n ph\u1ea9m (cm):<br \/>\n\u2014 S: ng\u1ef1c 78-84 \/ eo 60-66<br \/>\n\u2014 M: ng\u1ef1c 84-90 \/ eo 66-72<br \/>\n\u2014 L: ng\u1ef1c 90-94 \/ eo 72-78<\/p>\n<p>*ng\u01b0\u1eddi m\u1eabu cao 170cm &#038; m\u1eb7c size S.<\/p>\n","protected":false},"excerpt":{"rendered":"<p>the product is designed by aeie studios and made in Vietnam.<\/p>\n<p>description: stylized cropped top with a stand collar and mother-of-pearl buttons, pleated front pocket, open-back detail<br \/>\nmaterial: khaki with silk trim<\/p>\n<p>size chart (cm):<br \/>\n\u2014 S: chest 78-84 \/ waist 60-66<br \/>\n\u2014 M: chest 84-90 \/ waist 66-72<br \/>\n\u2014 L: chest 90-94 \/ waist 72-78<\/p>\n<p>*model is 170cm &#038; wears size S.<\/p>\n","protected":false},"featured_media":15969,"comment_status":"closed","ping_status":"closed","template":"","meta":{"advanced_seo_description":"","jetpack_seo_html_title":"","jetpack_seo_noindex":false},"product_cat":[627],"product_tag":[],"class_list":{"0":"post-15974","1":"product","2":"type-product","3":"status-publish","4":"has-post-thumbnail","6":"product_cat-tbsp-drop-1-vi","8":"first","9":"outofstock","10":"shipping-taxable","11":"purchasable","12":"product-type-variable"},"acf":[],"jetpack_sharing_enabled":true,"_links":{"self":[{"href":"https:\/\/aeiestudios.com\/vi\/wp-json\/wp\/v2\/product\/15974","targetHints":{"allow":["GET"]}}],"collection":[{"href":"https:\/\/aeiestudios.com\/vi\/wp-json\/wp\/v2\/product"}],"about":[{"href":"https:\/\/aeiestudios.com\/vi\/wp-json\/wp\/v2\/types\/product"}],"replies":[{"embeddable":true,"href":"https:\/\/aeiestudios.com\/vi\/wp-json\/wp\/v2\/comments?post=15974"}],"wp:featuredmedia":[{"embeddable":true,"href":"https:\/\/aeiestudios.com\/vi\/wp-json\/wp\/v2\/media\/15969"}],"wp:attachment":[{"href":"https:\/\/aeiestudios.com\/vi\/wp-json\/wp\/v2\/media?parent=15974"}],"wp:term":[{"taxonomy":"product_cat","embeddable":true,"href":"https:\/\/aeiestudios.com\/vi\/wp-json\/wp\/v2\/product_cat?post=15974"},{"taxonomy":"product_tag","embeddable":true,"href":"https:\/\/aeiestudios.com\/vi\/wp-json\/wp\/v2\/product_tag?post=15974"}],"curies":[{"name":"wp","href":"https:\/\/api.w.org\/{rel}","templated":true}]}}