{"id":15941,"date":"2025-05-23T11:02:09","date_gmt":"2025-05-23T11:02:09","guid":{"rendered":"https:\/\/aeiestudios.com\/product\/florie-skirt\/"},"modified":"2025-05-23T11:02:09","modified_gmt":"2025-05-23T11:02:09","slug":"florie-skirt","status":"publish","type":"product","link":"https:\/\/aeiestudios.com\/vi\/san-pham\/florie-skirt\/","title":{"rendered":"FLORIE SKIRT"},"content":{"rendered":"<p>s\u1ea3n ph\u1ea9m \u0111\u01b0\u1ee3c thi\u1ebft k\u1ebf v\u00e0 s\u1ea3n xu\u1ea5t t\u1ea1i vi\u1ec7t nam.<\/p>\n<p>m\u00f4 t\u1ea3: v\u00e1y su\u00f4ng d\u00e0i c\u1ea1p tr\u1ec5, c\u00f3 kho\u00e9t tr\u00f2n v\u00e0 \u0111\u00ednh hoa ph\u1ed3ng<br \/>\nch\u1ea5t li\u1ec7u: l\u1ee5a<\/p>\n<p>b\u1ea3ng size (cm):<br \/>\n\u2013 S: eo 60-64 \/ m\u00f4ng 88-90 \/ d\u00e0i 72<br \/>\n\u2013 M: eo 66-68 \/ m\u00f4ng 90-94 \/ d\u00e0i 73<br \/>\n\u2013 L: eo 68-72 \/ m\u00f4ng 94-98 \/ d\u00e0i 74<\/p>\n<p>*ng\u01b0\u1eddi m\u1eabu cao 168cm &#038; m\u1eb7c size S.<\/p>\n","protected":false},"excerpt":{"rendered":"<p>s\u1ea3n ph\u1ea9m \u0111\u01b0\u1ee3c thi\u1ebft k\u1ebf v\u00e0 s\u1ea3n xu\u1ea5t t\u1ea1i vi\u1ec7t nam. m\u00f4 t\u1ea3: v\u00e1y su\u00f4ng d\u00e0i c\u1ea1p tr\u1ec5, c\u00f3 kho\u00e9t tr\u00f2n v\u00e0 \u0111\u00ednh hoa ph\u1ed3ng ch\u1ea5t li\u1ec7u: l\u1ee5a b\u1ea3ng size (cm): \u2013 S: eo 60-64 \/ m\u00f4ng 88-90 \/ d\u00e0i 72 \u2013 M: eo 66-68 \/ m\u00f4ng 90-94 \/ d\u00e0i 73 \u2013 L: eo 68-72 [&hellip;]<\/p>\n","protected":false},"featured_media":15931,"comment_status":"closed","ping_status":"closed","template":"","meta":{"advanced_seo_description":"","jetpack_seo_html_title":"","jetpack_seo_noindex":false},"product_cat":[618,543,410,421],"product_tag":[],"class_list":{"0":"post-15941","1":"product","2":"type-product","3":"status-publish","4":"has-post-thumbnail","6":"product_cat-jr-drop-21-vi","7":"product_cat-junior-vi","8":"product_cat-jr-bottoms-vi","9":"product_cat-jr-set-vi","11":"first","12":"outofstock","13":"shipping-taxable","14":"purchasable","15":"product-type-variable"},"acf":[],"jetpack_sharing_enabled":true,"_links":{"self":[{"href":"https:\/\/aeiestudios.com\/vi\/wp-json\/wp\/v2\/product\/15941","targetHints":{"allow":["GET"]}}],"collection":[{"href":"https:\/\/aeiestudios.com\/vi\/wp-json\/wp\/v2\/product"}],"about":[{"href":"https:\/\/aeiestudios.com\/vi\/wp-json\/wp\/v2\/types\/product"}],"replies":[{"embeddable":true,"href":"https:\/\/aeiestudios.com\/vi\/wp-json\/wp\/v2\/comments?post=15941"}],"wp:featuredmedia":[{"embeddable":true,"href":"https:\/\/aeiestudios.com\/vi\/wp-json\/wp\/v2\/media\/15931"}],"wp:attachment":[{"href":"https:\/\/aeiestudios.com\/vi\/wp-json\/wp\/v2\/media?parent=15941"}],"wp:term":[{"taxonomy":"product_cat","embeddable":true,"href":"https:\/\/aeiestudios.com\/vi\/wp-json\/wp\/v2\/product_cat?post=15941"},{"taxonomy":"product_tag","embeddable":true,"href":"https:\/\/aeiestudios.com\/vi\/wp-json\/wp\/v2\/product_tag?post=15941"}],"curies":[{"name":"wp","href":"https:\/\/api.w.org\/{rel}","templated":true}]}}