{"id":15935,"date":"2025-05-23T11:02:11","date_gmt":"2025-05-23T11:02:11","guid":{"rendered":"https:\/\/aeiestudios.com\/product\/florie-top\/"},"modified":"2025-05-23T11:02:11","modified_gmt":"2025-05-23T11:02:11","slug":"florie-top","status":"publish","type":"product","link":"https:\/\/aeiestudios.com\/vi\/san-pham\/florie-top\/","title":{"rendered":"FLORIE TOP"},"content":{"rendered":"<p>s\u1ea3n ph\u1ea9m \u0111\u01b0\u1ee3c thi\u1ebft k\u1ebf v\u00e0 s\u1ea3n xu\u1ea5t t\u1ea1i vi\u1ec7t nam.<\/p>\n<p>m\u00f4 t\u1ea3: \u00e1o l\u1ee5a 2 d\u00e2y c\u1ed5 s\u00e2u, c\u00f3 \u0111i\u1ec3m ph\u1ea7n kho\u00e9t tr\u00f2n v\u00e0 \u0111\u00ednh hoa ph\u1ed3ng<br \/>\nch\u1ea5t li\u1ec7u: l\u1ee5a<\/p>\n<p>b\u1ea3ng size (cm):<br \/>\n\u2014 S: ng\u1ef1c 76-80cm \/ eo 60-62cm \/ d\u00e0i \u00e1o 31.5<br \/>\n\u2014 M: ng\u1ef1c 80-84cm \/ eo 62-66cm \/ d\u00e0i \u00e1o 31.5<br \/>\n\u2014 L: ng\u1ef1c 84-88cm \/ eo 66-70cm \/ d\u00e0i \u00e1o 31.5<\/p>\n<p>*ng\u01b0\u1eddi m\u1eabu cao 168cm &#038; m\u1eb7c size S.<\/p>\n","protected":false},"excerpt":{"rendered":"<p>s\u1ea3n ph\u1ea9m \u0111\u01b0\u1ee3c thi\u1ebft k\u1ebf v\u00e0 s\u1ea3n xu\u1ea5t t\u1ea1i vi\u1ec7t nam. m\u00f4 t\u1ea3: \u00e1o l\u1ee5a 2 d\u00e2y c\u1ed5 s\u00e2u, c\u00f3 \u0111i\u1ec3m ph\u1ea7n kho\u00e9t tr\u00f2n v\u00e0 \u0111\u00ednh hoa ph\u1ed3ng ch\u1ea5t li\u1ec7u: l\u1ee5a b\u1ea3ng size (cm): \u2014 S: ng\u1ef1c 76-80cm \/ eo 60-62cm \/ d\u00e0i \u00e1o 31.5 \u2014 M: ng\u1ef1c 80-84cm \/ eo 62-66cm \/ d\u00e0i \u00e1o [&hellip;]<\/p>\n","protected":false},"featured_media":15929,"comment_status":"closed","ping_status":"closed","template":"","meta":{"advanced_seo_description":"","jetpack_seo_html_title":"","jetpack_seo_noindex":false},"product_cat":[618],"product_tag":[],"class_list":{"0":"post-15935","1":"product","2":"type-product","3":"status-publish","4":"has-post-thumbnail","6":"product_cat-jr-drop-21-vi","8":"first","9":"outofstock","10":"shipping-taxable","11":"purchasable","12":"product-type-variable"},"acf":[],"jetpack_sharing_enabled":true,"_links":{"self":[{"href":"https:\/\/aeiestudios.com\/vi\/wp-json\/wp\/v2\/product\/15935","targetHints":{"allow":["GET"]}}],"collection":[{"href":"https:\/\/aeiestudios.com\/vi\/wp-json\/wp\/v2\/product"}],"about":[{"href":"https:\/\/aeiestudios.com\/vi\/wp-json\/wp\/v2\/types\/product"}],"replies":[{"embeddable":true,"href":"https:\/\/aeiestudios.com\/vi\/wp-json\/wp\/v2\/comments?post=15935"}],"wp:featuredmedia":[{"embeddable":true,"href":"https:\/\/aeiestudios.com\/vi\/wp-json\/wp\/v2\/media\/15929"}],"wp:attachment":[{"href":"https:\/\/aeiestudios.com\/vi\/wp-json\/wp\/v2\/media?parent=15935"}],"wp:term":[{"taxonomy":"product_cat","embeddable":true,"href":"https:\/\/aeiestudios.com\/vi\/wp-json\/wp\/v2\/product_cat?post=15935"},{"taxonomy":"product_tag","embeddable":true,"href":"https:\/\/aeiestudios.com\/vi\/wp-json\/wp\/v2\/product_tag?post=15935"}],"curies":[{"name":"wp","href":"https:\/\/api.w.org\/{rel}","templated":true}]}}