{"id":15898,"date":"2025-05-23T08:43:10","date_gmt":"2025-05-23T08:43:10","guid":{"rendered":"https:\/\/aeiestudios.com\/product\/mimi-capri-pants\/"},"modified":"2025-05-23T08:43:10","modified_gmt":"2025-05-23T08:43:10","slug":"mimi-capri-pants","status":"publish","type":"product","link":"https:\/\/aeiestudios.com\/vi\/san-pham\/mimi-capri-pants\/","title":{"rendered":"MIMI CAPRI PANTS"},"content":{"rendered":"<p>s\u1ea3n ph\u1ea9m \u0111\u01b0\u1ee3c thi\u1ebft k\u1ebf v\u00e0 s\u1ea3n xu\u1ea5t t\u1ea1i vi\u1ec7t nam.<\/p>\n<p>m\u00f4 t\u1ea3: qu\u1ea7n l\u1eedng c\u1ea1p v\u1eeba ch\u1ea5m bi ch\u00ecm, \u1ed1ng qu\u1ea7n x\u1ebfp li \u0111\u00ednh h\u00e0ng n\u00fat, \u0111i\u1ec3m 2 n\u00fat \u1edf t\u00fai qu\u1ea7n b\u00ean h\u00f4ng.<br \/>\nch\u1ea5t li\u1ec7u: khaki ch\u1ea5m bi ch\u00ecm<\/p>\n<p>b\u1ea3ng size s\u1ea3n ph\u1ea9m (cm):<br \/>\n\u2014 S: eo 60-66 \/ m\u00f4ng 88-92<br \/>\n\u2014 M: eo 66-72 \/ m\u00f4ng 92-94<br \/>\n\u2014 L: eo 72-78 \/ m\u00f4ng 94-9<\/p>\n<p>*ng\u01b0\u1eddi m\u1eabu cao 170cm &#038; m\u1eb7c size S.<\/p>\n","protected":false},"excerpt":{"rendered":"<p>s\u1ea3n ph\u1ea9m \u0111\u01b0\u1ee3c thi\u1ebft k\u1ebf v\u00e0 s\u1ea3n xu\u1ea5t t\u1ea1i vi\u1ec7t nam. m\u00f4 t\u1ea3: qu\u1ea7n l\u1eedng c\u1ea1p v\u1eeba ch\u1ea5m bi ch\u00ecm, \u1ed1ng qu\u1ea7n x\u1ebfp li \u0111\u00ednh h\u00e0ng n\u00fat, \u0111i\u1ec3m 2 n\u00fat \u1edf t\u00fai qu\u1ea7n b\u00ean h\u00f4ng. ch\u1ea5t li\u1ec7u: khaki ch\u1ea5m bi ch\u00ecm b\u1ea3ng size s\u1ea3n ph\u1ea9m (cm): \u2014 S: eo 60-66 \/ m\u00f4ng 88-92 \u2014 M: [&hellip;]<\/p>\n","protected":false},"featured_media":15889,"comment_status":"closed","ping_status":"closed","template":"","meta":{"advanced_seo_description":"","jetpack_seo_html_title":"","jetpack_seo_noindex":false},"product_cat":[627],"product_tag":[],"class_list":{"0":"post-15898","1":"product","2":"type-product","3":"status-publish","4":"has-post-thumbnail","6":"product_cat-tbsp-drop-1-vi","8":"first","9":"instock","10":"shipping-taxable","11":"purchasable","12":"product-type-variable"},"acf":[],"jetpack_sharing_enabled":true,"_links":{"self":[{"href":"https:\/\/aeiestudios.com\/vi\/wp-json\/wp\/v2\/product\/15898","targetHints":{"allow":["GET"]}}],"collection":[{"href":"https:\/\/aeiestudios.com\/vi\/wp-json\/wp\/v2\/product"}],"about":[{"href":"https:\/\/aeiestudios.com\/vi\/wp-json\/wp\/v2\/types\/product"}],"replies":[{"embeddable":true,"href":"https:\/\/aeiestudios.com\/vi\/wp-json\/wp\/v2\/comments?post=15898"}],"wp:featuredmedia":[{"embeddable":true,"href":"https:\/\/aeiestudios.com\/vi\/wp-json\/wp\/v2\/media\/15889"}],"wp:attachment":[{"href":"https:\/\/aeiestudios.com\/vi\/wp-json\/wp\/v2\/media?parent=15898"}],"wp:term":[{"taxonomy":"product_cat","embeddable":true,"href":"https:\/\/aeiestudios.com\/vi\/wp-json\/wp\/v2\/product_cat?post=15898"},{"taxonomy":"product_tag","embeddable":true,"href":"https:\/\/aeiestudios.com\/vi\/wp-json\/wp\/v2\/product_tag?post=15898"}],"curies":[{"name":"wp","href":"https:\/\/api.w.org\/{rel}","templated":true}]}}