{"id":15893,"date":"2025-05-23T09:10:56","date_gmt":"2025-05-23T09:10:56","guid":{"rendered":"https:\/\/aeiestudios.com\/product\/stella-hoodie\/"},"modified":"2025-05-23T09:10:56","modified_gmt":"2025-05-23T09:10:56","slug":"stella-hoodie","status":"publish","type":"product","link":"https:\/\/aeiestudios.com\/vi\/san-pham\/stella-hoodie\/","title":{"rendered":"STELLA HOODIE"},"content":{"rendered":"<p>s\u1ea3n ph\u1ea9m \u0111\u01b0\u1ee3c thi\u1ebft k\u1ebf v\u00e0 s\u1ea3n xu\u1ea5t t\u1ea1i vi\u1ec7t nam.<\/p>\n<p>m\u00f4 t\u1ea3: zip hoodie d\u00e1ng cropped s\u1ecdc ngang, \u0111\u00ednh ng\u00f4i sao \u1edf ng\u1ef1c, bo thun eo<br \/>\nch\u1ea5t li\u1ec7u: thun<\/p>\n<p>b\u1ea3ng size s\u1ea3n ph\u1ea9m (cm):<br \/>\n\u2014 S: ng\u1ef1c 78-84 \/ eo 60-66<br \/>\n\u2014 M: ng\u1ef1c 84-90 \/ eo 66-72<br \/>\n\u2014 L: ng\u1ef1c 90-94 \/ eo 72-78<\/p>\n<p>*ng\u01b0\u1eddi m\u1eabu cao 170cm &#038; m\u1eb7c size S.<\/p>\n","protected":false},"excerpt":{"rendered":"<p>s\u1ea3n ph\u1ea9m \u0111\u01b0\u1ee3c thi\u1ebft k\u1ebf v\u00e0 s\u1ea3n xu\u1ea5t t\u1ea1i vi\u1ec7t nam. m\u00f4 t\u1ea3: zip hoodie d\u00e1ng cropped s\u1ecdc ngang, \u0111\u00ednh ng\u00f4i sao \u1edf ng\u1ef1c, bo thun eo ch\u1ea5t li\u1ec7u: thun b\u1ea3ng size s\u1ea3n ph\u1ea9m (cm): \u2014 S: ng\u1ef1c 78-84 \/ eo 60-66 \u2014 M: ng\u1ef1c 84-90 \/ eo 66-72 \u2014 L: ng\u1ef1c 90-94 \/ eo [&hellip;]<\/p>\n","protected":false},"featured_media":15887,"comment_status":"closed","ping_status":"closed","template":"","meta":{"advanced_seo_description":"","jetpack_seo_html_title":"","jetpack_seo_noindex":false},"product_cat":[627],"product_tag":[],"class_list":{"0":"post-15893","1":"product","2":"type-product","3":"status-publish","4":"has-post-thumbnail","6":"product_cat-tbsp-drop-1-vi","8":"first","9":"instock","10":"shipping-taxable","11":"purchasable","12":"product-type-variable"},"acf":[],"jetpack_sharing_enabled":true,"_links":{"self":[{"href":"https:\/\/aeiestudios.com\/vi\/wp-json\/wp\/v2\/product\/15893","targetHints":{"allow":["GET"]}}],"collection":[{"href":"https:\/\/aeiestudios.com\/vi\/wp-json\/wp\/v2\/product"}],"about":[{"href":"https:\/\/aeiestudios.com\/vi\/wp-json\/wp\/v2\/types\/product"}],"replies":[{"embeddable":true,"href":"https:\/\/aeiestudios.com\/vi\/wp-json\/wp\/v2\/comments?post=15893"}],"wp:featuredmedia":[{"embeddable":true,"href":"https:\/\/aeiestudios.com\/vi\/wp-json\/wp\/v2\/media\/15887"}],"wp:attachment":[{"href":"https:\/\/aeiestudios.com\/vi\/wp-json\/wp\/v2\/media?parent=15893"}],"wp:term":[{"taxonomy":"product_cat","embeddable":true,"href":"https:\/\/aeiestudios.com\/vi\/wp-json\/wp\/v2\/product_cat?post=15893"},{"taxonomy":"product_tag","embeddable":true,"href":"https:\/\/aeiestudios.com\/vi\/wp-json\/wp\/v2\/product_tag?post=15893"}],"curies":[{"name":"wp","href":"https:\/\/api.w.org\/{rel}","templated":true}]}}