{"id":15626,"date":"2025-02-12T08:23:07","date_gmt":"2025-02-12T08:23:07","guid":{"rendered":"https:\/\/aeiestudios.com\/product\/towel-dress\/"},"modified":"2025-02-12T08:23:07","modified_gmt":"2025-02-12T08:23:07","slug":"towel-dress","status":"publish","type":"product","link":"https:\/\/aeiestudios.com\/vi\/san-pham\/towel-dress\/","title":{"rendered":"TOWEL DRESS"},"content":{"rendered":"<p>s\u1ea3n ph\u1ea9m \u0111\u01b0\u1ee3c thi\u1ebft k\u1ebf v\u00e0 s\u1ea3n xu\u1ea5t t\u1ea1i vi\u1ec7t nam.<\/p>\n<p>m\u00f4 t\u1ea3: \u0111\u1ea7m qu\u00e2y form su\u00f4ng, c\u00f3 l\u1edbp nh\u00fan \u1edf ngo\u00e0i t\u1ea1o c\u1ea3m gi\u00e1c qu\u1ea5n kh\u0103n, c\u00f3 zip \u1edf m\u1eb7t sau<br \/>\nch\u1ea5t li\u1ec7u: l\u00f4ng<\/p>\n<p>b\u1ea3ng size (cm):<br \/>\n\u2014 XS: ng\u1ef1c 74-76 \/ eo 58-62 \/ m\u00f4ng 84-88<br \/>\n\u2014 S: ng\u1ef1c 76-78 \/ eo 62-64 \/ m\u00f4ng 88-90<br \/>\n\u2014 M: ng\u1ef1c 78-80 \/ eo 64-68 \/ m\u00f4ng 90-94<br \/>\n\u2014 L: ng\u1ef1c 80-84 \/ eo 68-72 \/ m\u00f4ng 94-98<\/p>\n<p>*ng\u01b0\u1eddi m\u1eabu cao 168cm &#038; m\u1eb7c size S.<\/p>\n","protected":false},"excerpt":{"rendered":"<p>s\u1ea3n ph\u1ea9m \u0111\u01b0\u1ee3c thi\u1ebft k\u1ebf v\u00e0 s\u1ea3n xu\u1ea5t t\u1ea1i vi\u1ec7t nam. m\u00f4 t\u1ea3: \u0111\u1ea7m qu\u00e2y form su\u00f4ng, c\u00f3 l\u1edbp nh\u00fan \u1edf ngo\u00e0i t\u1ea1o c\u1ea3m gi\u00e1c qu\u1ea5n kh\u0103n, c\u00f3 zip \u1edf m\u1eb7t sau ch\u1ea5t li\u1ec7u: l\u00f4ng b\u1ea3ng size (cm): \u2014 XS: ng\u1ef1c 74-76 \/ eo 58-62 \/ m\u00f4ng 84-88 \u2014 S: ng\u1ef1c 76-78 \/ eo 62-64 [&hellip;]<\/p>\n","protected":false},"featured_media":15623,"comment_status":"closed","ping_status":"closed","template":"","meta":{"advanced_seo_description":"","jetpack_seo_html_title":"","jetpack_seo_noindex":false},"product_cat":[554,618,543,351,399],"product_tag":[],"class_list":{"0":"post-15626","1":"product","2":"type-product","3":"status-publish","4":"has-post-thumbnail","6":"product_cat-archive-vi","7":"product_cat-jr-drop-21-vi","8":"product_cat-junior-vi","9":"product_cat-aeie-junior-vi","10":"product_cat-jr-dress-vi","12":"first","13":"instock","14":"shipping-taxable","15":"purchasable","16":"product-type-variable"},"acf":[],"jetpack_sharing_enabled":true,"_links":{"self":[{"href":"https:\/\/aeiestudios.com\/vi\/wp-json\/wp\/v2\/product\/15626","targetHints":{"allow":["GET"]}}],"collection":[{"href":"https:\/\/aeiestudios.com\/vi\/wp-json\/wp\/v2\/product"}],"about":[{"href":"https:\/\/aeiestudios.com\/vi\/wp-json\/wp\/v2\/types\/product"}],"replies":[{"embeddable":true,"href":"https:\/\/aeiestudios.com\/vi\/wp-json\/wp\/v2\/comments?post=15626"}],"wp:featuredmedia":[{"embeddable":true,"href":"https:\/\/aeiestudios.com\/vi\/wp-json\/wp\/v2\/media\/15623"}],"wp:attachment":[{"href":"https:\/\/aeiestudios.com\/vi\/wp-json\/wp\/v2\/media?parent=15626"}],"wp:term":[{"taxonomy":"product_cat","embeddable":true,"href":"https:\/\/aeiestudios.com\/vi\/wp-json\/wp\/v2\/product_cat?post=15626"},{"taxonomy":"product_tag","embeddable":true,"href":"https:\/\/aeiestudios.com\/vi\/wp-json\/wp\/v2\/product_tag?post=15626"}],"curies":[{"name":"wp","href":"https:\/\/api.w.org\/{rel}","templated":true}]}}