{"id":15587,"date":"2025-02-19T09:11:10","date_gmt":"2025-02-19T09:11:10","guid":{"rendered":"https:\/\/aeiestudios.com\/?post_type=product&#038;p=15587"},"modified":"2025-12-17T09:42:23","modified_gmt":"2025-12-17T09:42:23","slug":"lucid-top-black-copy","status":"publish","type":"product","link":"https:\/\/aeiestudios.com\/vi\/san-pham\/lucid-top-black-copy\/","title":{"rendered":"LUCID TOP [BLACK] (Copy)"},"content":{"rendered":"<p>S\u1ea3n ph\u1ea9m \u0111\u01b0\u1ee3c thi\u1ebft k\u1ebf b\u1edbi AEIE STUDIOS v\u00e0 s\u1ea3n xu\u1ea5t t\u1ea1i Vi\u1ec7t Nam.<\/p>\n<p>Mi\u00eau t\u1ea3: \u00c1o tube l\u01b0\u1edbi x\u1ebfp li co gi\u00e3n, h\u1edf vai, \u0111i\u1ec3m chi ti\u1ebft \u0111ai ch\u00e9o v\u00e0 m\u00f3c c\u00e0i kim lo\u1ea1i<br \/>\nM\u00e0u s\u1eafc: Black<br \/>\nCh\u1ea5t li\u1ec7u: Polyester, Spandex <\/p>\n<p>B\u1ea3ng size (cm):<br \/>\n\u2013 S: ng\u1ef1c 78-82 \/ eo 64-68 \/ d\u00e0i 40<br \/>\n\u2013 M: ng\u1ef1c 83-88 \/ eo 68-72 \/ d\u00e0i 41<br \/>\n\u2013 L: ng\u1ef1c 88-92 \/ eo 72-76 \/ d\u00e0i  42 <\/p>\n<p>*Ng\u01b0\u1eddi m\u1eabu cao 1m70 &amp; m\u1eb7c size s.<\/p>\n","protected":false},"excerpt":{"rendered":"<p>S\u1ea3n ph\u1ea9m \u0111\u01b0\u1ee3c thi\u1ebft k\u1ebf b\u1edbi AEIE STUDIOS v\u00e0 s\u1ea3n xu\u1ea5t t\u1ea1i Vi\u1ec7t Nam. Mi\u00eau t\u1ea3: \u00c1o tube l\u01b0\u1edbi x\u1ebfp li co gi\u00e3n, h\u1edf vai, \u0111i\u1ec3m chi ti\u1ebft \u0111ai ch\u00e9o v\u00e0 m\u00f3c c\u00e0i kim lo\u1ea1i M\u00e0u s\u1eafc: Black Ch\u1ea5t li\u1ec7u: Polyester, Spandex B\u1ea3ng size (cm): \u2013 S: ng\u1ef1c 78-82 \/ eo 64-68 \/ d\u00e0i 40 [&hellip;]<\/p>\n","protected":false},"featured_media":15611,"comment_status":"closed","ping_status":"closed","template":"","meta":{"advanced_seo_description":"","jetpack_seo_html_title":"","jetpack_seo_noindex":false},"product_cat":[604,352,334],"product_tag":[],"class_list":{"0":"post-15587","1":"product","2":"type-product","3":"status-publish","4":"has-post-thumbnail","6":"product_cat-fw2024-vi","7":"product_cat-aeie-studios-vi","8":"product_cat-top-vi","10":"first","11":"instock","12":"shipping-taxable","13":"purchasable","14":"product-type-variable"},"acf":[],"jetpack_sharing_enabled":true,"_links":{"self":[{"href":"https:\/\/aeiestudios.com\/vi\/wp-json\/wp\/v2\/product\/15587","targetHints":{"allow":["GET"]}}],"collection":[{"href":"https:\/\/aeiestudios.com\/vi\/wp-json\/wp\/v2\/product"}],"about":[{"href":"https:\/\/aeiestudios.com\/vi\/wp-json\/wp\/v2\/types\/product"}],"replies":[{"embeddable":true,"href":"https:\/\/aeiestudios.com\/vi\/wp-json\/wp\/v2\/comments?post=15587"}],"wp:featuredmedia":[{"embeddable":true,"href":"https:\/\/aeiestudios.com\/vi\/wp-json\/wp\/v2\/media\/15611"}],"wp:attachment":[{"href":"https:\/\/aeiestudios.com\/vi\/wp-json\/wp\/v2\/media?parent=15587"}],"wp:term":[{"taxonomy":"product_cat","embeddable":true,"href":"https:\/\/aeiestudios.com\/vi\/wp-json\/wp\/v2\/product_cat?post=15587"},{"taxonomy":"product_tag","embeddable":true,"href":"https:\/\/aeiestudios.com\/vi\/wp-json\/wp\/v2\/product_tag?post=15587"}],"curies":[{"name":"wp","href":"https:\/\/api.w.org\/{rel}","templated":true}]}}