{"id":15369,"date":"2025-02-05T06:28:53","date_gmt":"2025-02-05T06:28:53","guid":{"rendered":"https:\/\/aeiestudios.com\/product\/goldie-top\/"},"modified":"2025-02-05T06:28:53","modified_gmt":"2025-02-05T06:28:53","slug":"goldie-top","status":"publish","type":"product","link":"https:\/\/aeiestudios.com\/vi\/san-pham\/goldie-top\/","title":{"rendered":"GOLDIE TOP"},"content":{"rendered":"<p>s\u1ea3n ph\u1ea9m \u0111\u01b0\u1ee3c thi\u1ebft k\u1ebf v\u00e0 s\u1ea3n xu\u1ea5t t\u1ea1i vi\u1ec7t nam.<\/p>\n<p>m\u00f4 t\u1ea3: \u00e1o c\u1ed5 s\u00e2u c\u00f3 c\u00fap ng\u1ef1c, l\u00e1 c\u1ed5 xo\u1eafn, m\u00f3c c\u00e0i tr\u01b0\u1edbc<br \/>\nch\u1ea5t li\u1ec7u: l\u1ee5a nh\u0103n<\/p>\n<p>b\u1ea3ng size (cm):<br \/>\n\u2014 S: ng\u1ef1c 78-84 \/ eo 62-66<br \/>\n\u2014 M: ng\u1ef1c 84-88 \/ eo 66-70<br \/>\n\u2014 L: ng\u1ef1c 88-92 \/ eo 70-74<\/p>\n<p>*ng\u01b0\u1eddi m\u1eabu cao 168cm &#038; m\u1eb7c size S.<\/p>\n","protected":false},"excerpt":{"rendered":"<p>s\u1ea3n ph\u1ea9m \u0111\u01b0\u1ee3c thi\u1ebft k\u1ebf v\u00e0 s\u1ea3n xu\u1ea5t t\u1ea1i vi\u1ec7t nam. m\u00f4 t\u1ea3: \u00e1o c\u1ed5 s\u00e2u c\u00f3 c\u00fap ng\u1ef1c, l\u00e1 c\u1ed5 xo\u1eafn, m\u00f3c c\u00e0i tr\u01b0\u1edbc ch\u1ea5t li\u1ec7u: l\u1ee5a nh\u0103n b\u1ea3ng size (cm): \u2014 S: ng\u1ef1c 78-84 \/ eo 62-66 \u2014 M: ng\u1ef1c 84-88 \/ eo 66-70 \u2014 L: ng\u1ef1c 88-92 \/ eo 70-74 *ng\u01b0\u1eddi m\u1eabu [&hellip;]<\/p>\n","protected":false},"featured_media":15366,"comment_status":"closed","ping_status":"closed","template":"","meta":{"advanced_seo_description":"","jetpack_seo_html_title":"","jetpack_seo_noindex":false},"product_cat":[617,618,543,351,415],"product_tag":[],"class_list":{"0":"post-15369","1":"product","2":"type-product","3":"status-publish","4":"has-post-thumbnail","6":"product_cat-jr-drop-16-vi","7":"product_cat-jr-drop-21-vi","8":"product_cat-junior-vi","9":"product_cat-aeie-junior-vi","10":"product_cat-jr-top-vi","12":"first","13":"instock","14":"shipping-taxable","15":"purchasable","16":"product-type-variable"},"acf":[],"jetpack_sharing_enabled":true,"_links":{"self":[{"href":"https:\/\/aeiestudios.com\/vi\/wp-json\/wp\/v2\/product\/15369","targetHints":{"allow":["GET"]}}],"collection":[{"href":"https:\/\/aeiestudios.com\/vi\/wp-json\/wp\/v2\/product"}],"about":[{"href":"https:\/\/aeiestudios.com\/vi\/wp-json\/wp\/v2\/types\/product"}],"replies":[{"embeddable":true,"href":"https:\/\/aeiestudios.com\/vi\/wp-json\/wp\/v2\/comments?post=15369"}],"wp:featuredmedia":[{"embeddable":true,"href":"https:\/\/aeiestudios.com\/vi\/wp-json\/wp\/v2\/media\/15366"}],"wp:attachment":[{"href":"https:\/\/aeiestudios.com\/vi\/wp-json\/wp\/v2\/media?parent=15369"}],"wp:term":[{"taxonomy":"product_cat","embeddable":true,"href":"https:\/\/aeiestudios.com\/vi\/wp-json\/wp\/v2\/product_cat?post=15369"},{"taxonomy":"product_tag","embeddable":true,"href":"https:\/\/aeiestudios.com\/vi\/wp-json\/wp\/v2\/product_tag?post=15369"}],"curies":[{"name":"wp","href":"https:\/\/api.w.org\/{rel}","templated":true}]}}