{"id":15321,"date":"2025-01-17T07:28:33","date_gmt":"2025-01-17T07:28:33","guid":{"rendered":"https:\/\/aeiestudios.com\/product\/bloom-pants\/"},"modified":"2025-01-17T07:28:33","modified_gmt":"2025-01-17T07:28:33","slug":"bloom-pants","status":"publish","type":"product","link":"https:\/\/aeiestudios.com\/vi\/san-pham\/bloom-pants\/","title":{"rendered":"BLOOM PANTS"},"content":{"rendered":"<p>s\u1ea3n ph\u1ea9m \u0111\u01b0\u1ee3c thi\u1ebft k\u1ebf v\u00e0 s\u1ea3n xu\u1ea5t t\u1ea1i vi\u1ec7t nam.<\/p>\n<p>m\u00f4 t\u1ea3: qu\u1ea7n \u1ed1ng \u0111\u1ee9ng c\u1eaft v\u1ea3i x\u00e9o, \u00f4m r\u0169 t\u1ef1 nhi\u00ean v\u00e0o c\u01a1 th\u1ec3, c\u00f3 d\u00e2y k\u00e9o sau<br \/>\nch\u1ea5t li\u1ec7u: l\u1ee5a \u00e1nh nh\u0169 <\/p>\n<p>b\u1ea3ng size (cm):<br \/>\n\u2014 XS\/S: h\u00f4ng 74-78 \/ m\u00f4ng d\u01b0\u1edbi 92<br \/>\n\u2014 M\/L: h\u00f4ng 78-82 \/ m\u00f4ng d\u01b0\u1edbi 96<\/p>\n<p>*ng\u01b0\u1eddi m\u1eabu cao 168cm &#038; m\u1eb7c size S.<\/p>\n","protected":false},"excerpt":{"rendered":"<p>s\u1ea3n ph\u1ea9m \u0111\u01b0\u1ee3c thi\u1ebft k\u1ebf v\u00e0 s\u1ea3n xu\u1ea5t t\u1ea1i vi\u1ec7t nam. m\u00f4 t\u1ea3: qu\u1ea7n \u1ed1ng \u0111\u1ee9ng c\u1eaft v\u1ea3i x\u00e9o, \u00f4m r\u0169 t\u1ef1 nhi\u00ean v\u00e0o c\u01a1 th\u1ec3, c\u00f3 d\u00e2y k\u00e9o sau ch\u1ea5t li\u1ec7u: l\u1ee5a \u00e1nh nh\u0169 b\u1ea3ng size (cm): \u2014 XS\/S: h\u00f4ng 74-78 \/ m\u00f4ng d\u01b0\u1edbi 92 \u2014 M\/L: h\u00f4ng 78-82 \/ m\u00f4ng d\u01b0\u1edbi 96 *ng\u01b0\u1eddi [&hellip;]<\/p>\n","protected":false},"featured_media":15308,"comment_status":"closed","ping_status":"closed","template":"","meta":{"advanced_seo_description":"","jetpack_seo_html_title":"","jetpack_seo_noindex":false},"product_cat":[617,618,543,351,410],"product_tag":[],"class_list":{"0":"post-15321","1":"product","2":"type-product","3":"status-publish","4":"has-post-thumbnail","6":"product_cat-jr-drop-16-vi","7":"product_cat-jr-drop-21-vi","8":"product_cat-junior-vi","9":"product_cat-aeie-junior-vi","10":"product_cat-jr-bottoms-vi","12":"first","13":"instock","14":"shipping-taxable","15":"purchasable","16":"product-type-variable"},"acf":[],"jetpack_sharing_enabled":true,"_links":{"self":[{"href":"https:\/\/aeiestudios.com\/vi\/wp-json\/wp\/v2\/product\/15321","targetHints":{"allow":["GET"]}}],"collection":[{"href":"https:\/\/aeiestudios.com\/vi\/wp-json\/wp\/v2\/product"}],"about":[{"href":"https:\/\/aeiestudios.com\/vi\/wp-json\/wp\/v2\/types\/product"}],"replies":[{"embeddable":true,"href":"https:\/\/aeiestudios.com\/vi\/wp-json\/wp\/v2\/comments?post=15321"}],"wp:featuredmedia":[{"embeddable":true,"href":"https:\/\/aeiestudios.com\/vi\/wp-json\/wp\/v2\/media\/15308"}],"wp:attachment":[{"href":"https:\/\/aeiestudios.com\/vi\/wp-json\/wp\/v2\/media?parent=15321"}],"wp:term":[{"taxonomy":"product_cat","embeddable":true,"href":"https:\/\/aeiestudios.com\/vi\/wp-json\/wp\/v2\/product_cat?post=15321"},{"taxonomy":"product_tag","embeddable":true,"href":"https:\/\/aeiestudios.com\/vi\/wp-json\/wp\/v2\/product_tag?post=15321"}],"curies":[{"name":"wp","href":"https:\/\/api.w.org\/{rel}","templated":true}]}}