{"id":15317,"date":"2025-01-17T07:28:48","date_gmt":"2025-01-17T07:28:48","guid":{"rendered":"https:\/\/aeiestudios.com\/product\/pocket-top\/"},"modified":"2025-01-17T07:28:48","modified_gmt":"2025-01-17T07:28:48","slug":"pocket-top","status":"publish","type":"product","link":"https:\/\/aeiestudios.com\/vi\/san-pham\/pocket-top\/","title":{"rendered":"POCKET TOP"},"content":{"rendered":"<p>s\u1ea3n ph\u1ea9m \u0111\u01b0\u1ee3c thi\u1ebft k\u1ebf v\u00e0 s\u1ea3n xu\u1ea5t t\u1ea1i vi\u1ec7t nam.<\/p>\n<p>m\u00f4 t\u1ea3: \u00e1o y\u1ebfm c\u00e0i n\u00fat, \u0111\u1eafp t\u00fai h\u1ed9p, c\u00f3 n\u00fat \u0111i\u1ec1u ch\u1ec9nh \u0111\u1ed9 r\u1ed9ng \u1edf l\u01b0ng<br \/>\nch\u1ea5t li\u1ec7u: da l\u1ed9n<\/p>\n<p>b\u1ea3ng size (cm):<br \/>\n\u2013 S: ng\u1ef1c 80-84 \/ eo 62-66<br \/>\n\u2013 M: ng\u1ef1c 84-88 \/ eo 66-70<br \/>\n\u2013 L: ng\u1ef1c 88-92 \/ eo 70-74<\/p>\n<p>*ng\u01b0\u1eddi m\u1eabu cao 168cm &#038; m\u1eb7c size S.<\/p>\n","protected":false},"excerpt":{"rendered":"<p>s\u1ea3n ph\u1ea9m \u0111\u01b0\u1ee3c thi\u1ebft k\u1ebf v\u00e0 s\u1ea3n xu\u1ea5t t\u1ea1i vi\u1ec7t nam. m\u00f4 t\u1ea3: \u00e1o y\u1ebfm c\u00e0i n\u00fat, \u0111\u1eafp t\u00fai h\u1ed9p, c\u00f3 n\u00fat \u0111i\u1ec1u ch\u1ec9nh \u0111\u1ed9 r\u1ed9ng \u1edf l\u01b0ng ch\u1ea5t li\u1ec7u: da l\u1ed9n b\u1ea3ng size (cm): \u2013 S: ng\u1ef1c 80-84 \/ eo 62-66 \u2013 M: ng\u1ef1c 84-88 \/ eo 66-70 \u2013 L: ng\u1ef1c 88-92 \/ eo [&hellip;]<\/p>\n","protected":false},"featured_media":15308,"comment_status":"closed","ping_status":"closed","template":"","meta":{"advanced_seo_description":"","jetpack_seo_html_title":"","jetpack_seo_noindex":false},"product_cat":[617,618,543,351,415],"product_tag":[],"class_list":{"0":"post-15317","1":"product","2":"type-product","3":"status-publish","4":"has-post-thumbnail","6":"product_cat-jr-drop-16-vi","7":"product_cat-jr-drop-21-vi","8":"product_cat-junior-vi","9":"product_cat-aeie-junior-vi","10":"product_cat-jr-top-vi","12":"first","13":"outofstock","14":"shipping-taxable","15":"purchasable","16":"product-type-variable"},"acf":[],"jetpack_sharing_enabled":true,"_links":{"self":[{"href":"https:\/\/aeiestudios.com\/vi\/wp-json\/wp\/v2\/product\/15317","targetHints":{"allow":["GET"]}}],"collection":[{"href":"https:\/\/aeiestudios.com\/vi\/wp-json\/wp\/v2\/product"}],"about":[{"href":"https:\/\/aeiestudios.com\/vi\/wp-json\/wp\/v2\/types\/product"}],"replies":[{"embeddable":true,"href":"https:\/\/aeiestudios.com\/vi\/wp-json\/wp\/v2\/comments?post=15317"}],"wp:featuredmedia":[{"embeddable":true,"href":"https:\/\/aeiestudios.com\/vi\/wp-json\/wp\/v2\/media\/15308"}],"wp:attachment":[{"href":"https:\/\/aeiestudios.com\/vi\/wp-json\/wp\/v2\/media?parent=15317"}],"wp:term":[{"taxonomy":"product_cat","embeddable":true,"href":"https:\/\/aeiestudios.com\/vi\/wp-json\/wp\/v2\/product_cat?post=15317"},{"taxonomy":"product_tag","embeddable":true,"href":"https:\/\/aeiestudios.com\/vi\/wp-json\/wp\/v2\/product_tag?post=15317"}],"curies":[{"name":"wp","href":"https:\/\/api.w.org\/{rel}","templated":true}]}}