{"id":15178,"date":"2024-10-29T08:08:50","date_gmt":"2024-10-29T08:08:50","guid":{"rendered":"https:\/\/aeiestudios.com\/product\/puzzle-top\/"},"modified":"2024-11-07T07:53:50","modified_gmt":"2024-11-07T07:53:50","slug":"puzzle-top","status":"publish","type":"product","link":"https:\/\/aeiestudios.com\/vi\/san-pham\/puzzle-top\/","title":{"rendered":"PUZZLE TOP"},"content":{"rendered":"<p>s\u1ea3n ph\u1ea9m \u0111\u01b0\u1ee3c thi\u1ebft k\u1ebf v\u00e0 s\u1ea3n xu\u1ea5t t\u1ea1i vi\u1ec7t nam.<\/p>\n<p>m\u00f4 t\u1ea3: set g\u1ed3m \u00e1o 2 d\u00e2y b\u1ea3n to c\u1ed5 vu\u00f4ng v\u00e0 ch\u00e2n v\u00e1y ng\u1eafn c\u1ea1p tr\u1ec5 in logo &#8220;chi\u1ebfc mu\u1ed7ng&#8221; c\u1ee7a aeie<br \/>\nch\u1ea5t li\u1ec7u: cotton<\/p>\n<p>b\u1ea3ng size (cm):<br \/>\n\u2014 S: ng\u1ef1c 78-82 \/ eo 60-66 \/ h\u00f4ng 78-84<br \/>\n\u2014 M: ng\u1ef1c 83-87 \/ eo 66-72 \/ h\u00f4ng 84-90<br \/>\n\u2014 L: ng\u1ef1c 88-92 \/ eo 72-78 \/ h\u00f4ng 90-96 <\/p>\n<p>*ng\u01b0\u1eddi m\u1eabu cao 170cm &#038; m\u1eb7c size S.<\/p>\n","protected":false},"excerpt":{"rendered":"<p>s\u1ea3n ph\u1ea9m \u0111\u01b0\u1ee3c thi\u1ebft k\u1ebf v\u00e0 s\u1ea3n xu\u1ea5t t\u1ea1i vi\u1ec7t nam. m\u00f4 t\u1ea3: set g\u1ed3m \u00e1o 2 d\u00e2y b\u1ea3n to c\u1ed5 vu\u00f4ng v\u00e0 ch\u00e2n v\u00e1y ng\u1eafn c\u1ea1p tr\u1ec5 in logo &#8220;chi\u1ebfc mu\u1ed7ng&#8221; c\u1ee7a aeie ch\u1ea5t li\u1ec7u: cotton b\u1ea3ng size (cm): \u2014 S: ng\u1ef1c 78-82 \/ eo 60-66 \/ h\u00f4ng 78-84 \u2014 M: ng\u1ef1c 83-87 \/ [&hellip;]<\/p>\n","protected":false},"featured_media":15102,"comment_status":"closed","ping_status":"closed","template":"","meta":{"advanced_seo_description":"","jetpack_seo_html_title":"","jetpack_seo_noindex":false},"product_cat":[611],"product_tag":[],"class_list":{"0":"post-15178","1":"product","2":"type-product","3":"status-publish","4":"has-post-thumbnail","6":"product_cat-jr-drop-20-vi","8":"first","9":"instock","10":"shipping-taxable","11":"purchasable","12":"product-type-variable"},"acf":[],"jetpack_sharing_enabled":true,"_links":{"self":[{"href":"https:\/\/aeiestudios.com\/vi\/wp-json\/wp\/v2\/product\/15178","targetHints":{"allow":["GET"]}}],"collection":[{"href":"https:\/\/aeiestudios.com\/vi\/wp-json\/wp\/v2\/product"}],"about":[{"href":"https:\/\/aeiestudios.com\/vi\/wp-json\/wp\/v2\/types\/product"}],"replies":[{"embeddable":true,"href":"https:\/\/aeiestudios.com\/vi\/wp-json\/wp\/v2\/comments?post=15178"}],"wp:featuredmedia":[{"embeddable":true,"href":"https:\/\/aeiestudios.com\/vi\/wp-json\/wp\/v2\/media\/15102"}],"wp:attachment":[{"href":"https:\/\/aeiestudios.com\/vi\/wp-json\/wp\/v2\/media?parent=15178"}],"wp:term":[{"taxonomy":"product_cat","embeddable":true,"href":"https:\/\/aeiestudios.com\/vi\/wp-json\/wp\/v2\/product_cat?post=15178"},{"taxonomy":"product_tag","embeddable":true,"href":"https:\/\/aeiestudios.com\/vi\/wp-json\/wp\/v2\/product_tag?post=15178"}],"curies":[{"name":"wp","href":"https:\/\/api.w.org\/{rel}","templated":true}]}}