{"id":14804,"date":"2024-08-23T05:50:44","date_gmt":"2024-08-23T05:50:44","guid":{"rendered":"https:\/\/aeiestudios.com\/product\/in-ur-area-skirt\/"},"modified":"2024-08-23T05:50:44","modified_gmt":"2024-08-23T05:50:44","slug":"in-ur-area-skirt","status":"publish","type":"product","link":"https:\/\/aeiestudios.com\/vi\/san-pham\/in-ur-area-skirt\/","title":{"rendered":"IN UR AREA SKIRT"},"content":{"rendered":"<p>s\u1ea3n ph\u1ea9m \u0111\u01b0\u1ee3c thi\u1ebft k\u1ebf v\u00e0 s\u1ea3n xu\u1ea5t t\u1ea1i vi\u1ec7t nam.<\/p>\n<p>m\u00f4 t\u1ea3: ch\u00e2n v\u00e1y hai l\u1edbp, l\u1edbpt l\u00f3t l\u00f4ng v\u00e0 l\u1edbp v\u00e1y layer chi ti\u1ebft x\u1ebfp ly k\u00e8m t\u00fai h\u1ed9p d\u1ec5 th\u01b0\u01a1ng<br \/>\nch\u1ea5t li\u1ec7u: cotton, polyester<\/p>\n<p>B\u1ea3ng size (cm):<br \/>\n\u2013 S: eo 60-64 \/ h\u00f4ng 78-84 \/ d\u00e0i 26<br \/>\n\u2013 M: eo 66-72 \/ h\u00f4ng 85-90 \/ d\u00e0i 27<\/p>\n<p>*ng\u01b0\u1eddi m\u1eabu cao 170cm &#038; m\u1eb7c size S.<\/p>\n","protected":false},"excerpt":{"rendered":"<p>s\u1ea3n ph\u1ea9m \u0111\u01b0\u1ee3c thi\u1ebft k\u1ebf v\u00e0 s\u1ea3n xu\u1ea5t t\u1ea1i vi\u1ec7t nam. m\u00f4 t\u1ea3: ch\u00e2n v\u00e1y hai l\u1edbp, l\u1edbpt l\u00f3t l\u00f4ng v\u00e0 l\u1edbp v\u00e1y layer chi ti\u1ebft x\u1ebfp ly k\u00e8m t\u00fai h\u1ed9p d\u1ec5 th\u01b0\u01a1ng ch\u1ea5t li\u1ec7u: cotton, polyester B\u1ea3ng size (cm): \u2013 S: eo 60-64 \/ h\u00f4ng 78-84 \/ d\u00e0i 26 \u2013 M: eo 66-72 \/ [&hellip;]<\/p>\n","protected":false},"featured_media":14833,"comment_status":"closed","ping_status":"closed","template":"","meta":{"advanced_seo_description":"","jetpack_seo_html_title":"","jetpack_seo_noindex":false},"product_cat":[611],"product_tag":[],"class_list":{"0":"post-14804","1":"product","2":"type-product","3":"status-publish","4":"has-post-thumbnail","6":"product_cat-jr-drop-20-vi","8":"first","9":"instock","10":"shipping-taxable","11":"purchasable","12":"product-type-variable"},"acf":[],"jetpack_sharing_enabled":true,"_links":{"self":[{"href":"https:\/\/aeiestudios.com\/vi\/wp-json\/wp\/v2\/product\/14804","targetHints":{"allow":["GET"]}}],"collection":[{"href":"https:\/\/aeiestudios.com\/vi\/wp-json\/wp\/v2\/product"}],"about":[{"href":"https:\/\/aeiestudios.com\/vi\/wp-json\/wp\/v2\/types\/product"}],"replies":[{"embeddable":true,"href":"https:\/\/aeiestudios.com\/vi\/wp-json\/wp\/v2\/comments?post=14804"}],"wp:featuredmedia":[{"embeddable":true,"href":"https:\/\/aeiestudios.com\/vi\/wp-json\/wp\/v2\/media\/14833"}],"wp:attachment":[{"href":"https:\/\/aeiestudios.com\/vi\/wp-json\/wp\/v2\/media?parent=14804"}],"wp:term":[{"taxonomy":"product_cat","embeddable":true,"href":"https:\/\/aeiestudios.com\/vi\/wp-json\/wp\/v2\/product_cat?post=14804"},{"taxonomy":"product_tag","embeddable":true,"href":"https:\/\/aeiestudios.com\/vi\/wp-json\/wp\/v2\/product_tag?post=14804"}],"curies":[{"name":"wp","href":"https:\/\/api.w.org\/{rel}","templated":true}]}}