{"id":14800,"date":"2024-08-23T05:50:43","date_gmt":"2024-08-23T05:50:43","guid":{"rendered":"https:\/\/aeiestudios.com\/product\/circus-top\/"},"modified":"2024-08-23T05:50:43","modified_gmt":"2024-08-23T05:50:43","slug":"circus-top","status":"publish","type":"product","link":"https:\/\/aeiestudios.com\/vi\/san-pham\/circus-top\/","title":{"rendered":"CIRCUS TOP"},"content":{"rendered":"<p>s\u1ea3n ph\u1ea9m \u0111\u01b0\u1ee3c thi\u1ebft k\u1ebf v\u00e0 s\u1ea3n xu\u1ea5t t\u1ea1i vi\u1ec7t nam.<\/p>\n<p>m\u00f4 t\u1ea3: \u00e1o tank top graphic d\u00e2y r\u00fat nh\u00fan nh\u1eb9, c\u00f3 th\u1ec3 style nhi\u1ec1u ki\u1ec3u<br \/>\nch\u1ea5t li\u1ec7u: 100% polyester<\/p>\n<p>b\u1ea3ng size (cm):<br \/>\n\u2013 S: ng\u1ef1c 74-80 \/ eo 60-65 \/ h\u00f4ng 78-84 \/ d\u00e0i 73<br \/>\n\u2013 M: ng\u1ef1c 81-87 \/ eo 66-72 \/ h\u00f4ng 85-90 \/ d\u00e0i 74<br \/>\n\u2013 L: ng\u1ef1c 88-94 \/ eo 73-78 \/ h\u00f4ng 91-96 \/ d\u00e0i 75<\/p>\n<p>*ng\u01b0\u1eddi m\u1eabu cao 170cm &#038; m\u1eb7c size S.<\/p>\n","protected":false},"excerpt":{"rendered":"<p>s\u1ea3n ph\u1ea9m \u0111\u01b0\u1ee3c thi\u1ebft k\u1ebf v\u00e0 s\u1ea3n xu\u1ea5t t\u1ea1i vi\u1ec7t nam. m\u00f4 t\u1ea3: \u00e1o tank top graphic d\u00e2y r\u00fat nh\u00fan nh\u1eb9, c\u00f3 th\u1ec3 style nhi\u1ec1u ki\u1ec3u ch\u1ea5t li\u1ec7u: 100% polyester b\u1ea3ng size (cm): \u2013 S: ng\u1ef1c 74-80 \/ eo 60-65 \/ h\u00f4ng 78-84 \/ d\u00e0i 73 \u2013 M: ng\u1ef1c 81-87 \/ eo 66-72 \/ h\u00f4ng [&hellip;]<\/p>\n","protected":false},"featured_media":14827,"comment_status":"closed","ping_status":"closed","template":"","meta":{"advanced_seo_description":"","jetpack_seo_html_title":"","jetpack_seo_noindex":false},"product_cat":[611],"product_tag":[],"class_list":{"0":"post-14800","1":"product","2":"type-product","3":"status-publish","4":"has-post-thumbnail","6":"product_cat-jr-drop-20-vi","8":"first","9":"outofstock","10":"shipping-taxable","11":"purchasable","12":"product-type-variable"},"acf":[],"jetpack_sharing_enabled":true,"_links":{"self":[{"href":"https:\/\/aeiestudios.com\/vi\/wp-json\/wp\/v2\/product\/14800","targetHints":{"allow":["GET"]}}],"collection":[{"href":"https:\/\/aeiestudios.com\/vi\/wp-json\/wp\/v2\/product"}],"about":[{"href":"https:\/\/aeiestudios.com\/vi\/wp-json\/wp\/v2\/types\/product"}],"replies":[{"embeddable":true,"href":"https:\/\/aeiestudios.com\/vi\/wp-json\/wp\/v2\/comments?post=14800"}],"wp:featuredmedia":[{"embeddable":true,"href":"https:\/\/aeiestudios.com\/vi\/wp-json\/wp\/v2\/media\/14827"}],"wp:attachment":[{"href":"https:\/\/aeiestudios.com\/vi\/wp-json\/wp\/v2\/media?parent=14800"}],"wp:term":[{"taxonomy":"product_cat","embeddable":true,"href":"https:\/\/aeiestudios.com\/vi\/wp-json\/wp\/v2\/product_cat?post=14800"},{"taxonomy":"product_tag","embeddable":true,"href":"https:\/\/aeiestudios.com\/vi\/wp-json\/wp\/v2\/product_tag?post=14800"}],"curies":[{"name":"wp","href":"https:\/\/api.w.org\/{rel}","templated":true}]}}