{"id":14635,"date":"2024-07-10T09:44:00","date_gmt":"2024-07-10T09:44:00","guid":{"rendered":"https:\/\/aeiestudios.com\/product\/seashells-bikini\/"},"modified":"2024-07-10T09:44:00","modified_gmt":"2024-07-10T09:44:00","slug":"seashells-bikini","status":"publish","type":"product","link":"https:\/\/aeiestudios.com\/vi\/san-pham\/seashells-bikini\/","title":{"rendered":"SEASHELLS BIKINI"},"content":{"rendered":"<p>s\u1ea3n ph\u1ea9m \u0111\u01b0\u1ee3c thi\u1ebft k\u1ebf v\u00e0 s\u1ea3n xu\u1ea5t t\u1ea1i vi\u1ec7t nam.<\/p>\n<p>m\u00f4 t\u1ea3: bikini c\u1ed9t d\u00e2y tam gi\u00e1c 2 l\u1edbp c\u00f3 th\u1ec3 th\u00e1o r\u1eddi \u2014 l\u1edbp trong s\u1ecdc d\u1ecdc tr\u1eafng h\u1ed3ng v\u00e0 l\u1edbp ngo\u00e0i ph\u1ed1i h\u00ecnh th\u00eau \u0111\u1ed9c quy\u1ec1n v\u1ecf s\u00f2 \u1edf \u00e1o v\u00e0 x\u01b0\u01a1ng c\u00e1 \u1edf qu\u1ea7n<br \/>\nch\u1ea5t li\u1ec7u: polyester <\/p>\n<p>b\u1ea3ng size (cm):<br \/>\n\u2014 S: ng\u1ef1c 78-86 \/ eo 60-66 \/ m\u00f4ng 85-90<br \/>\n\u2014 M: ng\u1ef1c 84-92 \/ eo 66-72 \/ m\u00f4ng 90-95<br \/>\n\u2014 L: ng\u1ef1c 92-100 \/ eo 72-78 \/ m\u00f4ng 95-100<\/p>\n<p>*ng\u01b0\u1eddi m\u1eabu cao 170cm &#038; m\u1eb7c size S.<\/p>\n","protected":false},"excerpt":{"rendered":"<p>s\u1ea3n ph\u1ea9m \u0111\u01b0\u1ee3c thi\u1ebft k\u1ebf v\u00e0 s\u1ea3n xu\u1ea5t t\u1ea1i vi\u1ec7t nam. m\u00f4 t\u1ea3: bikini c\u1ed9t d\u00e2y tam gi\u00e1c 2 l\u1edbp c\u00f3 th\u1ec3 th\u00e1o r\u1eddi \u2014 l\u1edbp trong s\u1ecdc d\u1ecdc tr\u1eafng h\u1ed3ng v\u00e0 l\u1edbp ngo\u00e0i ph\u1ed1i h\u00ecnh th\u00eau \u0111\u1ed9c quy\u1ec1n v\u1ecf s\u00f2 \u1edf \u00e1o v\u00e0 x\u01b0\u01a1ng c\u00e1 \u1edf qu\u1ea7n ch\u1ea5t li\u1ec7u: polyester b\u1ea3ng size (cm): \u2014 [&hellip;]<\/p>\n","protected":false},"featured_media":14628,"comment_status":"closed","ping_status":"closed","template":"","meta":{"advanced_seo_description":"","jetpack_seo_html_title":"","jetpack_seo_noindex":false},"product_cat":[597],"product_tag":[],"class_list":{"0":"post-14635","1":"product","2":"type-product","3":"status-publish","4":"has-post-thumbnail","6":"product_cat-jr-drop-19-plus-vi","8":"first","9":"instock","10":"shipping-taxable","11":"purchasable","12":"product-type-variable"},"acf":[],"jetpack_sharing_enabled":true,"_links":{"self":[{"href":"https:\/\/aeiestudios.com\/vi\/wp-json\/wp\/v2\/product\/14635","targetHints":{"allow":["GET"]}}],"collection":[{"href":"https:\/\/aeiestudios.com\/vi\/wp-json\/wp\/v2\/product"}],"about":[{"href":"https:\/\/aeiestudios.com\/vi\/wp-json\/wp\/v2\/types\/product"}],"replies":[{"embeddable":true,"href":"https:\/\/aeiestudios.com\/vi\/wp-json\/wp\/v2\/comments?post=14635"}],"wp:featuredmedia":[{"embeddable":true,"href":"https:\/\/aeiestudios.com\/vi\/wp-json\/wp\/v2\/media\/14628"}],"wp:attachment":[{"href":"https:\/\/aeiestudios.com\/vi\/wp-json\/wp\/v2\/media?parent=14635"}],"wp:term":[{"taxonomy":"product_cat","embeddable":true,"href":"https:\/\/aeiestudios.com\/vi\/wp-json\/wp\/v2\/product_cat?post=14635"},{"taxonomy":"product_tag","embeddable":true,"href":"https:\/\/aeiestudios.com\/vi\/wp-json\/wp\/v2\/product_tag?post=14635"}],"curies":[{"name":"wp","href":"https:\/\/api.w.org\/{rel}","templated":true}]}}