{"id":14526,"date":"2024-07-10T09:44:30","date_gmt":"2024-07-10T09:44:30","guid":{"rendered":"https:\/\/aeiestudios.com\/product\/yeehaw-turban\/"},"modified":"2024-07-10T09:44:30","modified_gmt":"2024-07-10T09:44:30","slug":"yeehaw-turban","status":"publish","type":"product","link":"https:\/\/aeiestudios.com\/vi\/san-pham\/yeehaw-turban\/","title":{"rendered":"YEEHAW TURBAN"},"content":{"rendered":"<p>s\u1ea3n ph\u1ea9m \u0111\u01b0\u1ee3c thi\u1ebft k\u1ebf v\u00e0 s\u1ea3n xu\u1ea5t t\u1ea1i vi\u1ec7t nam.<\/p>\n<p>m\u00f4 t\u1ea3: kh\u0103n turban in graphic m\u1eb7t ng\u1ef1a s\u00e1ng ch\u00f3i 80x80cm, chi ti\u1ebft tag ch\u00e9o v\u00e0 logo m\u1edbi aeie jr. hi\u1ebfm c\u00f3 kh\u00f3 t\u00ecm &#8211; t\u1eb7ng k\u00e8m khi mua YEEHAW SKIRT<br \/>\nch\u1ea5t li\u1ec7u: polyester<\/p>\n<p>k\u00edch th\u01b0\u1edbc (cm): 80&#215;80<\/p>\n<p>*c\u00f3 th\u1ec3 qu\u1ea5n th\u00e0nh \u00e1o, tr\u00f9m \u0111\u1ea7u, \u0111eo th\u00e0nh kh\u0103n cho\u00e0ng c\u1ed5 ho\u1eb7c qu\u1ea5n l\u00e0m v\u00e1y b\u00ean ngo\u00e0i khi m\u1eb7c bikini. yeehaw~<\/p>\n","protected":false},"excerpt":{"rendered":"<p>s\u1ea3n ph\u1ea9m \u0111\u01b0\u1ee3c thi\u1ebft k\u1ebf v\u00e0 s\u1ea3n xu\u1ea5t t\u1ea1i vi\u1ec7t nam. m\u00f4 t\u1ea3: kh\u0103n turban in graphic m\u1eb7t ng\u1ef1a s\u00e1ng ch\u00f3i 80x80cm, chi ti\u1ebft tag ch\u00e9o v\u00e0 logo m\u1edbi aeie jr. hi\u1ebfm c\u00f3 kh\u00f3 t\u00ecm &#8211; t\u1eb7ng k\u00e8m khi mua YEEHAW SKIRT ch\u1ea5t li\u1ec7u: polyester k\u00edch th\u01b0\u1edbc (cm): 80&#215;80 *c\u00f3 th\u1ec3 qu\u1ea5n th\u00e0nh \u00e1o, tr\u00f9m [&hellip;]<\/p>\n","protected":false},"featured_media":14521,"comment_status":"closed","ping_status":"closed","template":"","meta":{"advanced_seo_description":"","jetpack_seo_html_title":"","jetpack_seo_noindex":false},"product_cat":[597],"product_tag":[],"class_list":{"0":"post-14526","1":"product","2":"type-product","3":"status-publish","4":"has-post-thumbnail","6":"product_cat-jr-drop-19-plus-vi","8":"first","9":"instock","10":"shipping-taxable","11":"purchasable","12":"product-type-simple"},"acf":[],"jetpack_sharing_enabled":true,"_links":{"self":[{"href":"https:\/\/aeiestudios.com\/vi\/wp-json\/wp\/v2\/product\/14526","targetHints":{"allow":["GET"]}}],"collection":[{"href":"https:\/\/aeiestudios.com\/vi\/wp-json\/wp\/v2\/product"}],"about":[{"href":"https:\/\/aeiestudios.com\/vi\/wp-json\/wp\/v2\/types\/product"}],"replies":[{"embeddable":true,"href":"https:\/\/aeiestudios.com\/vi\/wp-json\/wp\/v2\/comments?post=14526"}],"wp:featuredmedia":[{"embeddable":true,"href":"https:\/\/aeiestudios.com\/vi\/wp-json\/wp\/v2\/media\/14521"}],"wp:attachment":[{"href":"https:\/\/aeiestudios.com\/vi\/wp-json\/wp\/v2\/media?parent=14526"}],"wp:term":[{"taxonomy":"product_cat","embeddable":true,"href":"https:\/\/aeiestudios.com\/vi\/wp-json\/wp\/v2\/product_cat?post=14526"},{"taxonomy":"product_tag","embeddable":true,"href":"https:\/\/aeiestudios.com\/vi\/wp-json\/wp\/v2\/product_tag?post=14526"}],"curies":[{"name":"wp","href":"https:\/\/api.w.org\/{rel}","templated":true}]}}