{"id":14488,"date":"2024-07-10T09:44:11","date_gmt":"2024-07-10T09:44:11","guid":{"rendered":"https:\/\/aeiestudios.com\/product\/yeehaw-skirt\/"},"modified":"2026-02-27T00:00:23","modified_gmt":"2026-02-27T00:00:23","slug":"yeehaw-skirt","status":"publish","type":"product","link":"https:\/\/aeiestudios.com\/vi\/san-pham\/yeehaw-skirt\/","title":{"rendered":"YEEHAW SKIRT"},"content":{"rendered":"<p>s\u1ea3n ph\u1ea9m \u0111\u01b0\u1ee3c thi\u1ebft k\u1ebf v\u00e0 s\u1ea3n xu\u1ea5t t\u1ea1i vi\u1ec7t nam.<\/p>\n<p>m\u00f4 t\u1ea3: ch\u00e2n v\u00e1y \u00f4m midi k\u00e8m l\u1edbp l\u00f3t n\u00e2u c\u00f9ng ch\u1ea5t li\u1ec7u, in graphic ch\u00fa ng\u1ef1a c\u00f4 \u0111\u01a1n tr\u00ean c\u00e1nh \u0111\u1ed3ng b\u00e1t ng\u00e1t \u0111\u1ed9c quy\u1ec1n aeie jr. [\ud83d\udc34\u2728 t\u1eb7ng k\u00e8m YEEHAW TURBAN 80x80cm]<br \/>\nch\u1ea5t li\u1ec7u: thun l\u01b0\u1edbi<\/p>\n<p>b\u1ea3ng size (cm):<br \/>\n\u2014 S: ng\u1ef1c 78-84 \/ eo 60-66 \/ m\u00f4ng 88-92<br \/>\n\u2014 M: ng\u1ef1c 84-90 \/ eo 66-72 \/ m\u00f4ng 92-94<br \/>\n\u2014 L: ng\u1ef1c 90-94 \/ eo 72-78 \/ m\u00f4ng 94-96<\/p>\n<p>*ng\u01b0\u1eddi m\u1eabu cao 170cm &#038; m\u1eb7c size S.<\/p>\n","protected":false},"excerpt":{"rendered":"<p>s\u1ea3n ph\u1ea9m \u0111\u01b0\u1ee3c thi\u1ebft k\u1ebf v\u00e0 s\u1ea3n xu\u1ea5t t\u1ea1i vi\u1ec7t nam. m\u00f4 t\u1ea3: ch\u00e2n v\u00e1y \u00f4m midi k\u00e8m l\u1edbp l\u00f3t n\u00e2u c\u00f9ng ch\u1ea5t li\u1ec7u, in graphic ch\u00fa ng\u1ef1a c\u00f4 \u0111\u01a1n tr\u00ean c\u00e1nh \u0111\u1ed3ng b\u00e1t ng\u00e1t \u0111\u1ed9c quy\u1ec1n aeie jr. [\ud83d\udc34\u2728 t\u1eb7ng k\u00e8m YEEHAW TURBAN 80x80cm] ch\u1ea5t li\u1ec7u: thun l\u01b0\u1edbi b\u1ea3ng size (cm): \u2014 S: ng\u1ef1c [&hellip;]<\/p>\n","protected":false},"featured_media":14481,"comment_status":"closed","ping_status":"closed","template":"","meta":{"advanced_seo_description":"","jetpack_seo_html_title":"","jetpack_seo_noindex":false},"product_cat":[597],"product_tag":[],"class_list":{"0":"post-14488","1":"product","2":"type-product","3":"status-publish","4":"has-post-thumbnail","6":"product_cat-jr-drop-19-plus-vi","8":"first","9":"instock","10":"shipping-taxable","11":"purchasable","12":"product-type-variable"},"acf":[],"jetpack_sharing_enabled":true,"_links":{"self":[{"href":"https:\/\/aeiestudios.com\/vi\/wp-json\/wp\/v2\/product\/14488","targetHints":{"allow":["GET"]}}],"collection":[{"href":"https:\/\/aeiestudios.com\/vi\/wp-json\/wp\/v2\/product"}],"about":[{"href":"https:\/\/aeiestudios.com\/vi\/wp-json\/wp\/v2\/types\/product"}],"replies":[{"embeddable":true,"href":"https:\/\/aeiestudios.com\/vi\/wp-json\/wp\/v2\/comments?post=14488"}],"wp:featuredmedia":[{"embeddable":true,"href":"https:\/\/aeiestudios.com\/vi\/wp-json\/wp\/v2\/media\/14481"}],"wp:attachment":[{"href":"https:\/\/aeiestudios.com\/vi\/wp-json\/wp\/v2\/media?parent=14488"}],"wp:term":[{"taxonomy":"product_cat","embeddable":true,"href":"https:\/\/aeiestudios.com\/vi\/wp-json\/wp\/v2\/product_cat?post=14488"},{"taxonomy":"product_tag","embeddable":true,"href":"https:\/\/aeiestudios.com\/vi\/wp-json\/wp\/v2\/product_tag?post=14488"}],"curies":[{"name":"wp","href":"https:\/\/api.w.org\/{rel}","templated":true}]}}