{"id":14302,"date":"2024-04-24T08:37:45","date_gmt":"2024-04-24T08:37:45","guid":{"rendered":"https:\/\/aeiestudios.com\/product\/bobbi-pants\/"},"modified":"2024-04-24T08:37:45","modified_gmt":"2024-04-24T08:37:45","slug":"bobbi-pants","status":"publish","type":"product","link":"https:\/\/aeiestudios.com\/vi\/san-pham\/bobbi-pants\/","title":{"rendered":"BOBBI PANTS"},"content":{"rendered":"<p>s\u1ea3n ph\u1ea9m \u0111\u01b0\u1ee3c thi\u1ebft k\u1ebf v\u00e0 s\u1ea3n xu\u1ea5t t\u1ea1i vi\u1ec7t nam.<\/p>\n<p>m\u00f4 t\u1ea3: qu\u1ea7n shorts ng\u1eafn cheeky l\u00f4ng l\u00e1 cuti<br \/>\nch\u1ea5t li\u1ec7u: thun \u0111an l\u00f4ng l\u00f3t l\u01b0\u1edbi <\/p>\n<p>b\u1ea3ng size s\u1ea3n ph\u1ea9m (cm):<br \/>\n\u2014 S: eo 60-66 \/ m\u00f4ng 88-92<\/p>\n<p>*ng\u01b0\u1eddi m\u1eabu cao 170cm &#038; m\u1eb7c size S.<\/p>\n","protected":false},"excerpt":{"rendered":"<p>s\u1ea3n ph\u1ea9m \u0111\u01b0\u1ee3c thi\u1ebft k\u1ebf v\u00e0 s\u1ea3n xu\u1ea5t t\u1ea1i vi\u1ec7t nam. m\u00f4 t\u1ea3: qu\u1ea7n shorts ng\u1eafn cheeky l\u00f4ng l\u00e1 cuti ch\u1ea5t li\u1ec7u: thun \u0111an l\u00f4ng l\u00f3t l\u01b0\u1edbi b\u1ea3ng size s\u1ea3n ph\u1ea9m (cm): \u2014 S: eo 60-66 \/ m\u00f4ng 88-92 *ng\u01b0\u1eddi m\u1eabu cao 170cm &#038; m\u1eb7c size S.<\/p>\n","protected":false},"featured_media":13183,"comment_status":"closed","ping_status":"closed","template":"","meta":{"advanced_seo_description":"","jetpack_seo_html_title":"","jetpack_seo_noindex":false},"product_cat":[555],"product_tag":[],"class_list":{"0":"post-14302","1":"product","2":"type-product","3":"status-publish","4":"has-post-thumbnail","6":"product_cat-drop-18-vi","8":"first","9":"instock","10":"shipping-taxable","11":"purchasable","12":"product-type-variable"},"acf":[],"jetpack_sharing_enabled":true,"_links":{"self":[{"href":"https:\/\/aeiestudios.com\/vi\/wp-json\/wp\/v2\/product\/14302","targetHints":{"allow":["GET"]}}],"collection":[{"href":"https:\/\/aeiestudios.com\/vi\/wp-json\/wp\/v2\/product"}],"about":[{"href":"https:\/\/aeiestudios.com\/vi\/wp-json\/wp\/v2\/types\/product"}],"replies":[{"embeddable":true,"href":"https:\/\/aeiestudios.com\/vi\/wp-json\/wp\/v2\/comments?post=14302"}],"wp:featuredmedia":[{"embeddable":true,"href":"https:\/\/aeiestudios.com\/vi\/wp-json\/wp\/v2\/media\/13183"}],"wp:attachment":[{"href":"https:\/\/aeiestudios.com\/vi\/wp-json\/wp\/v2\/media?parent=14302"}],"wp:term":[{"taxonomy":"product_cat","embeddable":true,"href":"https:\/\/aeiestudios.com\/vi\/wp-json\/wp\/v2\/product_cat?post=14302"},{"taxonomy":"product_tag","embeddable":true,"href":"https:\/\/aeiestudios.com\/vi\/wp-json\/wp\/v2\/product_tag?post=14302"}],"curies":[{"name":"wp","href":"https:\/\/api.w.org\/{rel}","templated":true}]}}