{"id":14290,"date":"2024-04-24T08:37:33","date_gmt":"2024-04-24T08:37:33","guid":{"rendered":"https:\/\/aeiestudios.com\/product\/sheer-pants-set\/"},"modified":"2024-04-24T08:37:33","modified_gmt":"2024-04-24T08:37:33","slug":"sheer-pants-set","status":"publish","type":"product","link":"https:\/\/aeiestudios.com\/vi\/san-pham\/sheer-pants-set\/","title":{"rendered":"SHEER PANTS SET"},"content":{"rendered":"<p>s\u1ea3n ph\u1ea9m \u0111\u01b0\u1ee3c thi\u1ebft k\u1ebf v\u00e0 s\u1ea3n xu\u1ea5t t\u1ea1i vi\u1ec7t nam.<\/p>\n<p>m\u00f4 t\u1ea3: set bottoms g\u1ed3m v\u00e1y v\u00e0 qu\u1ea7n xuy\u00ean th\u1ea5u, v\u00e1y l\u01b0\u1edbi nh\u00fan r\u00fat d\u00e2y b\u1ea5t \u0111\u1ed1i x\u1ee9ng v\u00e0 qu\u1ea7n l\u01b0\u1edbi \u1ed1ng loe b\u1ea3n l\u01b0ng thun<br \/>\nch\u1ea5t li\u1ec7u: thun l\u01b0\u01a1\u0301i<\/p>\n<p>b\u1ea3ng size s\u1ea3n ph\u1ea9m (cm):<br \/>\n\u2014 XS: eo 54-60 \/ m\u00f4ng 82-88<br \/>\n\u2014 S: eo 60-66 \/ m\u00f4ng 88-92<br \/>\n\u2014 M: eo 66-72 \/ m\u00f4ng 92-94<br \/>\n\u2014 L: eo 72-78 \/ m\u00f4ng 94-96<\/p>\n<p>*ng\u01b0\u1eddi m\u1eabu cao 170cm &#038; m\u1eb7c size S.<\/p>\n","protected":false},"excerpt":{"rendered":"<p>s\u1ea3n ph\u1ea9m \u0111\u01b0\u1ee3c thi\u1ebft k\u1ebf v\u00e0 s\u1ea3n xu\u1ea5t t\u1ea1i vi\u1ec7t nam. m\u00f4 t\u1ea3: set bottoms g\u1ed3m v\u00e1y v\u00e0 qu\u1ea7n xuy\u00ean th\u1ea5u, v\u00e1y l\u01b0\u1edbi nh\u00fan r\u00fat d\u00e2y b\u1ea5t \u0111\u1ed1i x\u1ee9ng v\u00e0 qu\u1ea7n l\u01b0\u1edbi \u1ed1ng loe b\u1ea3n l\u01b0ng thun ch\u1ea5t li\u1ec7u: thun l\u01b0\u01a1\u0301i b\u1ea3ng size s\u1ea3n ph\u1ea9m (cm): \u2014 XS: eo 54-60 \/ m\u00f4ng 82-88 \u2014 S: [&hellip;]<\/p>\n","protected":false},"featured_media":14237,"comment_status":"closed","ping_status":"closed","template":"","meta":{"advanced_seo_description":"","jetpack_seo_html_title":"","jetpack_seo_noindex":false},"product_cat":[592],"product_tag":[],"class_list":{"0":"post-14290","1":"product","2":"type-product","3":"status-publish","4":"has-post-thumbnail","6":"product_cat-jr-drop-19-vi","8":"first","9":"instock","10":"shipping-taxable","11":"purchasable","12":"product-type-variable"},"acf":[],"jetpack_sharing_enabled":true,"_links":{"self":[{"href":"https:\/\/aeiestudios.com\/vi\/wp-json\/wp\/v2\/product\/14290","targetHints":{"allow":["GET"]}}],"collection":[{"href":"https:\/\/aeiestudios.com\/vi\/wp-json\/wp\/v2\/product"}],"about":[{"href":"https:\/\/aeiestudios.com\/vi\/wp-json\/wp\/v2\/types\/product"}],"replies":[{"embeddable":true,"href":"https:\/\/aeiestudios.com\/vi\/wp-json\/wp\/v2\/comments?post=14290"}],"wp:featuredmedia":[{"embeddable":true,"href":"https:\/\/aeiestudios.com\/vi\/wp-json\/wp\/v2\/media\/14237"}],"wp:attachment":[{"href":"https:\/\/aeiestudios.com\/vi\/wp-json\/wp\/v2\/media?parent=14290"}],"wp:term":[{"taxonomy":"product_cat","embeddable":true,"href":"https:\/\/aeiestudios.com\/vi\/wp-json\/wp\/v2\/product_cat?post=14290"},{"taxonomy":"product_tag","embeddable":true,"href":"https:\/\/aeiestudios.com\/vi\/wp-json\/wp\/v2\/product_tag?post=14290"}],"curies":[{"name":"wp","href":"https:\/\/api.w.org\/{rel}","templated":true}]}}