{"id":14032,"date":"2024-03-15T10:00:44","date_gmt":"2024-03-15T10:00:44","guid":{"rendered":"https:\/\/aeiestudios.com\/product\/ribbon-bag\/"},"modified":"2024-03-15T10:00:44","modified_gmt":"2024-03-15T10:00:44","slug":"ribbon-bag","status":"publish","type":"product","link":"https:\/\/aeiestudios.com\/vi\/san-pham\/ribbon-bag\/","title":{"rendered":"RIBBON BAG"},"content":{"rendered":"<p>s\u1ea3n ph\u1ea9m \u0111\u01b0\u1ee3c thi\u1ebft k\u1ebf v\u00e0 s\u1ea3n xu\u1ea5t t\u1ea1i vi\u1ec7t nam.<\/p>\n<p>m\u00f4 t\u1ea3: t\u00fai \u0111eo vai trang tr\u00ed h\u1ecda ti\u1ebft n\u01a1 b\u1ea3n to x\u1ebfp li<br \/>\nch\u1ea5t li\u1ec7u: v\u00e0i khaki<\/p>\n<p>s\u1ed1 \u0111o s\u1ea3n ph\u1ea9m (cm):<br \/>\n\u2014 s\u1ed1 \u0111o t\u00fai: 15x25x5<br \/>\n\u2014 chi\u1ec1u d\u00e0i d\u00e2y: 50<\/p>\n","protected":false},"excerpt":{"rendered":"<p>s\u1ea3n ph\u1ea9m \u0111\u01b0\u1ee3c thi\u1ebft k\u1ebf v\u00e0 s\u1ea3n xu\u1ea5t t\u1ea1i vi\u1ec7t nam. m\u00f4 t\u1ea3: t\u00fai \u0111eo vai trang tr\u00ed h\u1ecda ti\u1ebft n\u01a1 b\u1ea3n to x\u1ebfp li ch\u1ea5t li\u1ec7u: v\u00e0i khaki s\u1ed1 \u0111o s\u1ea3n ph\u1ea9m (cm): \u2014 s\u1ed1 \u0111o t\u00fai: 15x25x5 \u2014 chi\u1ec1u d\u00e0i d\u00e2y: 50<\/p>\n","protected":false},"featured_media":14030,"comment_status":"closed","ping_status":"closed","template":"","meta":{"advanced_seo_description":"","jetpack_seo_html_title":"","jetpack_seo_noindex":false},"product_cat":[582],"product_tag":[],"class_list":{"0":"post-14032","1":"product","2":"type-product","3":"status-publish","4":"has-post-thumbnail","6":"product_cat-accessories-vi-2","8":"first","9":"instock","10":"shipping-taxable","11":"purchasable","12":"product-type-simple"},"acf":[],"jetpack_sharing_enabled":true,"_links":{"self":[{"href":"https:\/\/aeiestudios.com\/vi\/wp-json\/wp\/v2\/product\/14032","targetHints":{"allow":["GET"]}}],"collection":[{"href":"https:\/\/aeiestudios.com\/vi\/wp-json\/wp\/v2\/product"}],"about":[{"href":"https:\/\/aeiestudios.com\/vi\/wp-json\/wp\/v2\/types\/product"}],"replies":[{"embeddable":true,"href":"https:\/\/aeiestudios.com\/vi\/wp-json\/wp\/v2\/comments?post=14032"}],"wp:featuredmedia":[{"embeddable":true,"href":"https:\/\/aeiestudios.com\/vi\/wp-json\/wp\/v2\/media\/14030"}],"wp:attachment":[{"href":"https:\/\/aeiestudios.com\/vi\/wp-json\/wp\/v2\/media?parent=14032"}],"wp:term":[{"taxonomy":"product_cat","embeddable":true,"href":"https:\/\/aeiestudios.com\/vi\/wp-json\/wp\/v2\/product_cat?post=14032"},{"taxonomy":"product_tag","embeddable":true,"href":"https:\/\/aeiestudios.com\/vi\/wp-json\/wp\/v2\/product_tag?post=14032"}],"curies":[{"name":"wp","href":"https:\/\/api.w.org\/{rel}","templated":true}]}}