{"id":13903,"date":"2023-08-23T08:49:32","date_gmt":"2023-08-23T08:49:32","guid":{"rendered":"https:\/\/aeiestudios.com\/product\/zen-jeans-2\/"},"modified":"2024-03-05T06:13:05","modified_gmt":"2024-03-05T06:13:05","slug":"zen-jeans-2","status":"publish","type":"product","link":"https:\/\/aeiestudios.com\/vi\/san-pham\/zen-jeans-2\/","title":{"rendered":"ZEN JEANS [SAMPLE SALES]"},"content":{"rendered":"<p>S\u1ea3n ph\u1ea9m \u0111\u01b0\u1ee3c thi\u1ebft k\u1ebf b\u1edfi aeie studios v\u00e0 s\u1ea3n xu\u1ea5t t\u1ea1i Vi\u1ec7t Nam.<\/p>\n<p>V\u00ec \u0111\u00e2y l\u00e0 sample sales v\u1edbi gi\u00e1 \u0111\u00e3 gi\u1ea3m n\u00ean s\u1ea3n ph\u1ea9m s\u1ebd c\u00f3 th\u1ec3 c\u00f3 nh\u1eefng l\u1ed7i kh\u00f4ng \u0111\u00e1ng k\u1ec3.<br \/>\nM\u00f4 t\u1ea3: Qu\u1ea7n jeans ph\u1ed1i d\u1eadp ly da.<br \/>\nCh\u1ea5t li\u1ec7u: da v\u00e0 denim<\/p>\n<p>B\u1ea3ng size (cm):<br \/>\n\u2013 Size  S: eo 64cm \/ m\u00f4ng 92cm \/ d\u00e0i qu\u1ea7n 110cm <\/p>\n<p>*Ng\u01b0\u1eddi m\u1eabu cao 170cm &#038; m\u1eb7c size S.<\/p>\n","protected":false},"excerpt":{"rendered":"<p>S\u1ea3n ph\u1ea9m \u0111\u01b0\u1ee3c thi\u1ebft k\u1ebf b\u1edfi aeie studios v\u00e0 s\u1ea3n xu\u1ea5t t\u1ea1i Vi\u1ec7t Nam. V\u00ec \u0111\u00e2y l\u00e0 sample sales v\u1edbi gi\u00e1 \u0111\u00e3 gi\u1ea3m n\u00ean s\u1ea3n ph\u1ea9m s\u1ebd c\u00f3 th\u1ec3 c\u00f3 nh\u1eefng l\u1ed7i kh\u00f4ng \u0111\u00e1ng k\u1ec3. M\u00f4 t\u1ea3: Qu\u1ea7n jeans ph\u1ed1i d\u1eadp ly da. Ch\u1ea5t li\u1ec7u: da v\u00e0 denim B\u1ea3ng size (cm): \u2013 Size S: eo [&hellip;]<\/p>\n","protected":false},"featured_media":3054,"comment_status":"closed","ping_status":"closed","template":"","meta":{"advanced_seo_description":"","jetpack_seo_html_title":"","jetpack_seo_noindex":false},"product_cat":[352,362],"product_tag":[],"class_list":{"0":"post-13903","1":"product","2":"type-product","3":"status-publish","4":"has-post-thumbnail","6":"product_cat-aeie-studios-vi","7":"product_cat-sale-vi","9":"first","10":"outofstock","11":"shipping-taxable","12":"purchasable","13":"product-type-simple"},"acf":[],"jetpack_sharing_enabled":true,"_links":{"self":[{"href":"https:\/\/aeiestudios.com\/vi\/wp-json\/wp\/v2\/product\/13903","targetHints":{"allow":["GET"]}}],"collection":[{"href":"https:\/\/aeiestudios.com\/vi\/wp-json\/wp\/v2\/product"}],"about":[{"href":"https:\/\/aeiestudios.com\/vi\/wp-json\/wp\/v2\/types\/product"}],"replies":[{"embeddable":true,"href":"https:\/\/aeiestudios.com\/vi\/wp-json\/wp\/v2\/comments?post=13903"}],"wp:featuredmedia":[{"embeddable":true,"href":"https:\/\/aeiestudios.com\/vi\/wp-json\/wp\/v2\/media\/3054"}],"wp:attachment":[{"href":"https:\/\/aeiestudios.com\/vi\/wp-json\/wp\/v2\/media?parent=13903"}],"wp:term":[{"taxonomy":"product_cat","embeddable":true,"href":"https:\/\/aeiestudios.com\/vi\/wp-json\/wp\/v2\/product_cat?post=13903"},{"taxonomy":"product_tag","embeddable":true,"href":"https:\/\/aeiestudios.com\/vi\/wp-json\/wp\/v2\/product_tag?post=13903"}],"curies":[{"name":"wp","href":"https:\/\/api.w.org\/{rel}","templated":true}]}}