{"id":13842,"date":"2024-02-18T17:36:08","date_gmt":"2024-02-18T17:36:08","guid":{"rendered":"https:\/\/aeiestudios.com\/product\/chloe-top\/"},"modified":"2024-03-27T13:56:14","modified_gmt":"2024-03-27T13:56:14","slug":"chloe-top","status":"publish","type":"product","link":"https:\/\/aeiestudios.com\/vi\/san-pham\/chloe-top\/","title":{"rendered":"CHLOE TOP"},"content":{"rendered":"<p>s\u1ea3n ph\u1ea9m \u0111\u01b0\u1ee3c thi\u1ebft k\u1ebf v\u00e0 s\u1ea3n xu\u1ea5t t\u1ea1i vi\u1ec7t nam.<\/p>\n<p>m\u00f4 t\u1ea3: \u00e1o l\u1ec7ch vai cut-out k\u00e8m d\u00e2y v\u00e0 buckle nh\u1ef1a trang tr\u00ed<br \/>\nch\u1ea5t li\u1ec7u: v\u1ea3i thun<\/p>\n<p>b\u1ea3ng size s\u1ea3n ph\u1ea9m (cm):<br \/>\n&#8211; XS: ng\u1ef1c 72-78 \/ eo 56-60<br \/>\n&#8211; S: ng\u1ef1c 78-84 \/ eo 60-66<br \/>\n&#8211; M: ng\u1ef1c 84-90 \/ eo 66-72<br \/>\n&#8211; L: ng\u1ef1c 90-94 \/ eo 72-78<\/p>\n<p>*ng\u01b0\u1eddi m\u1eabu cao 170cm &#038; m\u1eb7c size S.<\/p>\n","protected":false},"excerpt":{"rendered":"<p>s\u1ea3n ph\u1ea9m \u0111\u01b0\u1ee3c thi\u1ebft k\u1ebf v\u00e0 s\u1ea3n xu\u1ea5t t\u1ea1i vi\u1ec7t nam. m\u00f4 t\u1ea3: \u00e1o l\u1ec7ch vai cut-out k\u00e8m d\u00e2y v\u00e0 buckle nh\u1ef1a trang tr\u00ed ch\u1ea5t li\u1ec7u: v\u1ea3i thun b\u1ea3ng size s\u1ea3n ph\u1ea9m (cm): &#8211; XS: ng\u1ef1c 72-78 \/ eo 56-60 &#8211; S: ng\u1ef1c 78-84 \/ eo 60-66 &#8211; M: ng\u1ef1c 84-90 \/ eo 66-72 &#8211; [&hellip;]<\/p>\n","protected":false},"featured_media":13805,"comment_status":"closed","ping_status":"closed","template":"","meta":{"advanced_seo_description":"","jetpack_seo_html_title":"","jetpack_seo_noindex":false},"product_cat":[555],"product_tag":[],"class_list":{"0":"post-13842","1":"product","2":"type-product","3":"status-publish","4":"has-post-thumbnail","6":"product_cat-drop-18-vi","8":"first","9":"outofstock","10":"shipping-taxable","11":"purchasable","12":"product-type-variable"},"acf":[],"jetpack_sharing_enabled":true,"_links":{"self":[{"href":"https:\/\/aeiestudios.com\/vi\/wp-json\/wp\/v2\/product\/13842","targetHints":{"allow":["GET"]}}],"collection":[{"href":"https:\/\/aeiestudios.com\/vi\/wp-json\/wp\/v2\/product"}],"about":[{"href":"https:\/\/aeiestudios.com\/vi\/wp-json\/wp\/v2\/types\/product"}],"replies":[{"embeddable":true,"href":"https:\/\/aeiestudios.com\/vi\/wp-json\/wp\/v2\/comments?post=13842"}],"wp:featuredmedia":[{"embeddable":true,"href":"https:\/\/aeiestudios.com\/vi\/wp-json\/wp\/v2\/media\/13805"}],"wp:attachment":[{"href":"https:\/\/aeiestudios.com\/vi\/wp-json\/wp\/v2\/media?parent=13842"}],"wp:term":[{"taxonomy":"product_cat","embeddable":true,"href":"https:\/\/aeiestudios.com\/vi\/wp-json\/wp\/v2\/product_cat?post=13842"},{"taxonomy":"product_tag","embeddable":true,"href":"https:\/\/aeiestudios.com\/vi\/wp-json\/wp\/v2\/product_tag?post=13842"}],"curies":[{"name":"wp","href":"https:\/\/api.w.org\/{rel}","templated":true}]}}