{"id":10067,"date":"2023-06-11T08:21:29","date_gmt":"2023-06-11T08:21:29","guid":{"rendered":"https:\/\/aeiestudios.com\/product\/leek-skirt\/"},"modified":"2023-06-11T14:04:05","modified_gmt":"2023-06-11T14:04:05","slug":"leek-skirt","status":"publish","type":"product","link":"https:\/\/aeiestudios.com\/vi\/san-pham\/leek-skirt\/","title":{"rendered":"LEEK SKIRT"},"content":{"rendered":"<p>s\u1ea3n ph\u1ea9m \u0111\u01b0\u1ee3c thi\u1ebft k\u1ebf b\u1edfi aeie jr. v\u00e0 s\u1ea3n xu\u1ea5t t\u1ea1i vi\u1ec7t nam<\/p>\n<p>mi\u00eau t\u1ea3: ch\u00e2n v\u00e1y mini, nh\u00fan, \u0111\u00ednh n\u01a1, l\u01b0ng th\u1ea5p, l\u01b0ng thun.<\/p>\n<p>b\u1ea3ng size s\u1ea3n ph\u1ea9m (cm):<br \/>\n&#8211; S: eo 60-66 \/ h\u00f4ng 88-92 \/ d\u00e0i (ph\u00eda tr\u01b0\u1edbc) 25 \/ d\u00e0i (ph\u00eda sau) 30<br \/>\n&#8211; L: eo 66-72 \/ h\u00f4ng 92-96 \/ d\u00e0i (ph\u00eda tr\u01b0\u1edbc) 27 \/ d\u00e0i (ph\u00eda sau) 32<\/p>\n<p>*ng\u01b0\u1eddi m\u1eabu cao 163cm v\u00e0 m\u1eb7c size S.<\/p>\n<p>&nbsp;<\/p>\n","protected":false},"excerpt":{"rendered":"<p>s\u1ea3n ph\u1ea9m \u0111\u01b0\u1ee3c thi\u1ebft k\u1ebf b\u1edfi aeie jr. v\u00e0 s\u1ea3n xu\u1ea5t t\u1ea1i vi\u1ec7t nam mi\u00eau t\u1ea3: ch\u00e2n v\u00e1y mini, nh\u00fan, \u0111\u00ednh n\u01a1, l\u01b0ng th\u1ea5p, l\u01b0ng thun. b\u1ea3ng size s\u1ea3n ph\u1ea9m (cm): &#8211; S: eo 60-66 \/ h\u00f4ng 88-92 \/ d\u00e0i (ph\u00eda tr\u01b0\u1edbc) 25 \/ d\u00e0i (ph\u00eda sau) 30 &#8211; L: eo 66-72 \/ h\u00f4ng 92-96 [&hellip;]<\/p>\n","protected":false},"featured_media":9704,"comment_status":"closed","ping_status":"closed","template":"","meta":{"advanced_seo_description":"","jetpack_seo_html_title":"","jetpack_seo_noindex":false},"product_cat":[351,410],"product_tag":[],"class_list":{"0":"post-10067","1":"product","2":"type-product","3":"status-publish","4":"has-post-thumbnail","6":"product_cat-aeie-junior-vi","7":"product_cat-jr-bottoms-vi","9":"first","10":"instock","11":"shipping-taxable","12":"purchasable","13":"product-type-variable"},"acf":[],"jetpack_sharing_enabled":true,"_links":{"self":[{"href":"https:\/\/aeiestudios.com\/vi\/wp-json\/wp\/v2\/product\/10067","targetHints":{"allow":["GET"]}}],"collection":[{"href":"https:\/\/aeiestudios.com\/vi\/wp-json\/wp\/v2\/product"}],"about":[{"href":"https:\/\/aeiestudios.com\/vi\/wp-json\/wp\/v2\/types\/product"}],"replies":[{"embeddable":true,"href":"https:\/\/aeiestudios.com\/vi\/wp-json\/wp\/v2\/comments?post=10067"}],"wp:featuredmedia":[{"embeddable":true,"href":"https:\/\/aeiestudios.com\/vi\/wp-json\/wp\/v2\/media\/9704"}],"wp:attachment":[{"href":"https:\/\/aeiestudios.com\/vi\/wp-json\/wp\/v2\/media?parent=10067"}],"wp:term":[{"taxonomy":"product_cat","embeddable":true,"href":"https:\/\/aeiestudios.com\/vi\/wp-json\/wp\/v2\/product_cat?post=10067"},{"taxonomy":"product_tag","embeddable":true,"href":"https:\/\/aeiestudios.com\/vi\/wp-json\/wp\/v2\/product_tag?post=10067"}],"curies":[{"name":"wp","href":"https:\/\/api.w.org\/{rel}","templated":true}]}}