{"id":10024,"date":"2023-05-21T06:12:27","date_gmt":"2023-05-21T06:12:27","guid":{"rendered":"https:\/\/aeiestudios.com\/product\/cindy-jacket\/"},"modified":"2023-05-23T05:00:56","modified_gmt":"2023-05-23T05:00:56","slug":"cindy-jacket","status":"publish","type":"product","link":"https:\/\/aeiestudios.com\/vi\/san-pham\/cindy-jacket\/","title":{"rendered":"CINDY JACKET"},"content":{"rendered":"<p>s\u1ea3n ph\u1ea9m \u0111\u01b0\u1ee3c thi\u1ebft k\u1ebf b\u1edfi aeie jr. v\u00e0 s\u1ea3n xu\u1ea5t t\u1ea1i vi\u1ec7t nam.<\/p>\n<p>mi\u00eau t\u1ea3: \u00e1o kho\u00e1c ki\u1ec3u d\u00f9, d\u00e2y r\u00fat \u1edf line, nh\u00fan ch\u1ebft \u1edf tay \u00e1o; m\u00e0u xanh r\u00eau.<br \/>\nch\u1ea5t li\u1ec7u: v\u1ea3i d\u00f9<\/p>\n<p>b\u1ea3ng size c\u1ee7a s\u1ea3n ph\u1ea9m (theo cm):<br \/>\n&#8211; S: ng\u1ef1c 78-84 \/ freesize<br \/>\n&#8211; M: ng\u1ef1c 84-90 \/ freesize<\/p>\n<p>*ng\u01b0\u1eddi m\u1eabu cao 163cm v\u00e0 m\u1eb7c size S.<\/p>\n","protected":false},"excerpt":{"rendered":"<p>s\u1ea3n ph\u1ea9m \u0111\u01b0\u1ee3c thi\u1ebft k\u1ebf b\u1edfi aeie jr. v\u00e0 s\u1ea3n xu\u1ea5t t\u1ea1i vi\u1ec7t nam. mi\u00eau t\u1ea3: \u00e1o kho\u00e1c ki\u1ec3u d\u00f9, d\u00e2y r\u00fat \u1edf line, nh\u00fan ch\u1ebft \u1edf tay \u00e1o; m\u00e0u xanh r\u00eau. ch\u1ea5t li\u1ec7u: v\u1ea3i d\u00f9 b\u1ea3ng size c\u1ee7a s\u1ea3n ph\u1ea9m (theo cm): &#8211; S: ng\u1ef1c 78-84 \/ freesize &#8211; M: ng\u1ef1c 84-90 \/ freesize [&hellip;]<\/p>\n","protected":false},"featured_media":9628,"comment_status":"closed","ping_status":"closed","template":"","meta":{"advanced_seo_description":"","jetpack_seo_html_title":"","jetpack_seo_noindex":false},"product_cat":[351,427],"product_tag":[],"class_list":{"0":"post-10024","1":"product","2":"type-product","3":"status-publish","4":"has-post-thumbnail","6":"product_cat-aeie-junior-vi","7":"product_cat-jr-outerwear-vi","9":"first","10":"outofstock","11":"shipping-taxable","12":"purchasable","13":"product-type-variable"},"acf":[],"jetpack_sharing_enabled":true,"_links":{"self":[{"href":"https:\/\/aeiestudios.com\/vi\/wp-json\/wp\/v2\/product\/10024","targetHints":{"allow":["GET"]}}],"collection":[{"href":"https:\/\/aeiestudios.com\/vi\/wp-json\/wp\/v2\/product"}],"about":[{"href":"https:\/\/aeiestudios.com\/vi\/wp-json\/wp\/v2\/types\/product"}],"replies":[{"embeddable":true,"href":"https:\/\/aeiestudios.com\/vi\/wp-json\/wp\/v2\/comments?post=10024"}],"wp:featuredmedia":[{"embeddable":true,"href":"https:\/\/aeiestudios.com\/vi\/wp-json\/wp\/v2\/media\/9628"}],"wp:attachment":[{"href":"https:\/\/aeiestudios.com\/vi\/wp-json\/wp\/v2\/media?parent=10024"}],"wp:term":[{"taxonomy":"product_cat","embeddable":true,"href":"https:\/\/aeiestudios.com\/vi\/wp-json\/wp\/v2\/product_cat?post=10024"},{"taxonomy":"product_tag","embeddable":true,"href":"https:\/\/aeiestudios.com\/vi\/wp-json\/wp\/v2\/product_tag?post=10024"}],"curies":[{"name":"wp","href":"https:\/\/api.w.org\/{rel}","templated":true}]}}